{"id":734,"date":"2017-03-23T09:19:31","date_gmt":"2017-03-23T08:19:31","guid":{"rendered":"https:\/\/rigolivini.com\/?page_id=734"},"modified":"2017-03-23T11:00:15","modified_gmt":"2017-03-23T10:00:15","slug":"rigoli-veranstaltungen","status":"publish","type":"page","link":"https:\/\/rigolivini.com\/de\/rigoli-veranstaltungen\/","title":{"rendered":"Rigoli Veranstaltungen"},"content":{"rendered":"<h1 style=\"text-align: center;\">Gastfreundschaft<\/h1>\n<hr \/>\n<p>Uns hat schon immer viel daran gelegen unser Land zu pflegen und zu erhalten,\u00a0insbesondere durch die Verbreitung der toskanischen Weinkultur. Gastfreundschaft und\u00a0Erfahrungen teilen geh\u00f6rt zur wichtigen Aufgabe unserer Azienda. Deshalb veranstalten wir\u00a0j\u00e4hrlich Events oder nehmen an Events teil, die die gleichen Ziele verfolgen wie wir auch.\u00a0Unsere T\u00fcren sind stets f\u00fcr alle Besucher ge\u00f6ffnet, die gerne unsere Produkte entdecken\u00a0und probieren m\u00f6chten. Mit Beginn des Fr\u00fchlings bieten sich zahlreiche Aktivit\u00e4ten.\u00a0Touristen aus ganz Europa schwingen sich dann aufs Fahrrad \u2013Enobikers\u2013 f\u00fcr eine Weintour\u00a0durch die Toskana.<\/p>\n<p><a href=\"https:\/\/rigolivini.com\/_mamawp\/wp-content\/uploads\/2016\/05\/ciclisti-219.jpg\"><img loading=\"lazy\" decoding=\"async\" class=\" wp-image-300 alignleft\" src=\"https:\/\/rigolivini.com\/_mamawp\/wp-content\/uploads\/2016\/05\/ciclisti-219-800x343.jpg\" alt=\"ciclisti 219\" width=\"979\" height=\"420\" srcset=\"https:\/\/rigolivini.com\/_mamawp\/wp-content\/uploads\/2016\/05\/ciclisti-219-800x343.jpg 800w, https:\/\/rigolivini.com\/_mamawp\/wp-content\/uploads\/2016\/05\/ciclisti-219-1600x686.jpg 1600w, https:\/\/rigolivini.com\/_mamawp\/wp-content\/uploads\/2016\/05\/ciclisti-219-600x257.jpg 600w, https:\/\/rigolivini.com\/_mamawp\/wp-content\/uploads\/2016\/05\/ciclisti-219-550x236.jpg 550w\" sizes=\"auto, (max-width: 979px) 100vw, 979px\" \/><\/a><\/p>\n<p>Maifeiertag auf der Azienda Rigoli.\u00a0Wir laden jedes Jahr dazu ein mit uns den Tag der Arbeit zu feiern. Es wird gegrillt, musiziert\u00a0und Wein des neuen Jahrgangs verk\u00f6stigt.<\/p>\n<p> <a href=\"https:\/\/rigolivini.com\/_mamawp\/wp-content\/uploads\/2016\/05\/eventi219.jpg\"><img loading=\"lazy\" decoding=\"async\" class=\"alignleft  wp-image-301\" src=\"https:\/\/rigolivini.com\/_mamawp\/wp-content\/uploads\/2016\/05\/eventi219.jpg\" alt=\"eventi maggio\" width=\"979\" height=\"419\" srcset=\"https:\/\/rigolivini.com\/_mamawp\/wp-content\/uploads\/2016\/05\/eventi219.jpg 4248w, https:\/\/rigolivini.com\/_mamawp\/wp-content\/uploads\/2016\/05\/eventi219-800x343.jpg 800w, https:\/\/rigolivini.com\/_mamawp\/wp-content\/uploads\/2016\/05\/eventi219-1600x685.jpg 1600w, https:\/\/rigolivini.com\/_mamawp\/wp-content\/uploads\/2016\/05\/eventi219-600x257.jpg 600w, https:\/\/rigolivini.com\/_mamawp\/wp-content\/uploads\/2016\/05\/eventi219-550x236.jpg 550w\" sizes=\"auto, (max-width: 979px) 100vw, 979px\" \/><\/a><\/p>\n<hr \/>\n<p>Seit 2009 veranstalten wir drei Abende \u00fcber den Sommer verteilt unter dem Motto: WINE,\u00a0MUSIC AND ART. Hier ist der Name Programm. Jedes Jahr kommen rund 500 begeisterte\u00a0Besucher zu diesem Fest der Kunst, Livemusik, toskanischen Delikatessen und nicht zuletzt\u00a0des guten Weines unserer Azienda Rigoli.<\/p>\n<p><a href=\"https:\/\/rigolivini.com\/_mamawp\/wp-content\/uploads\/2016\/05\/matrimonio1.jpg\"><img loading=\"lazy\" decoding=\"async\" class=\" wp-image-302 alignleft\" src=\"https:\/\/rigolivini.com\/_mamawp\/wp-content\/uploads\/2016\/05\/matrimonio1-800x344.jpg\" alt=\"matrimonio\" width=\"986\" height=\"438\" srcset=\"https:\/\/rigolivini.com\/_mamawp\/wp-content\/uploads\/2016\/05\/matrimonio1-320x142.jpg 320w, https:\/\/rigolivini.com\/_mamawp\/wp-content\/uploads\/2016\/05\/matrimonio1-768x341.jpg 768w\" sizes=\"auto, (max-width: 986px) 100vw, 986px\" \/><\/a><\/p>\n<p>&nbsp;<\/p>\n","protected":false},"excerpt":{"rendered":"<p>Gastfreundschaft Uns hat schon immer viel daran gelegen unser Land zu pflegen und zu erhalten,\u00a0insbesondere durch die Verbreitung der toskanischen Weinkultur. Gastfreundschaft und\u00a0Erfahrungen teilen geh\u00f6rt zur wichtigen Aufgabe unserer Azienda. Deshalb veranstalten wir\u00a0j\u00e4hrlich Events oder nehmen an Events teil, die die gleichen Ziele verfolgen wie wir auch.\u00a0Unsere T\u00fcren sind stets f\u00fcr alle Besucher ge\u00f6ffnet, die &hellip;<\/p>\n","protected":false},"author":8,"featured_media":1000,"parent":0,"menu_order":0,"comment_status":"closed","ping_status":"closed","template":"","meta":{"_acf_changed":false,"footnotes":""},"class_list":["post-734","page","type-page","status-publish","has-post-thumbnail","hentry","trasversal_tag-degustazioni"],"acf":[],"yoast_head":"<!-- This site is optimized with the Yoast SEO plugin v27.3 - https:\/\/yoast.com\/product\/yoast-seo-wordpress\/ -->\n<title>Rigoli Veranstaltungen - Rigolivini<\/title>\n<meta name=\"description\" content=\"Azienda agricola della Val di Cornia.\" \/>\n<meta name=\"robots\" content=\"index, follow, max-snippet:-1, max-image-preview:large, max-video-preview:-1\" \/>\n<link rel=\"canonical\" href=\"https:\/\/rigolivini.com\/de\/rigoli-veranstaltungen\/\" \/>\n<meta property=\"og:locale\" content=\"de_DE\" \/>\n<meta property=\"og:type\" content=\"article\" \/>\n<meta property=\"og:title\" content=\"Rigoli Veranstaltungen - Rigolivini\" \/>\n<meta property=\"og:description\" content=\"Azienda agricola della Val di Cornia.\" \/>\n<meta property=\"og:url\" content=\"https:\/\/rigolivini.com\/de\/rigoli-veranstaltungen\/\" \/>\n<meta property=\"og:site_name\" content=\"Rigolivini\" \/>\n<meta property=\"article:modified_time\" content=\"2017-03-23T10:00:15+00:00\" \/>\n<meta property=\"og:image\" content=\"https:\/\/rigolivini.com\/_mamawp\/wp-content\/uploads\/2016\/05\/locandina-rigoli-2016.jpg\" \/>\n\t<meta property=\"og:image:width\" content=\"3508\" \/>\n\t<meta property=\"og:image:height\" content=\"2164\" \/>\n\t<meta property=\"og:image:type\" content=\"image\/jpeg\" \/>\n<meta name=\"twitter:card\" content=\"summary_large_image\" \/>\n<meta name=\"twitter:label1\" content=\"Gesch\u00e4tzte Lesezeit\" \/>\n\t<meta name=\"twitter:data1\" content=\"1\u00a0Minute\" \/>\n<script type=\"application\/ld+json\" class=\"yoast-schema-graph\">{\"@context\":\"https:\\\/\\\/schema.org\",\"@graph\":[{\"@type\":\"WebPage\",\"@id\":\"https:\\\/\\\/rigolivini.com\\\/de\\\/rigoli-veranstaltungen\\\/\",\"url\":\"https:\\\/\\\/rigolivini.com\\\/de\\\/rigoli-veranstaltungen\\\/\",\"name\":\"Rigoli Veranstaltungen - Rigolivini\",\"isPartOf\":{\"@id\":\"https:\\\/\\\/rigolivini.com\\\/de\\\/#website\"},\"primaryImageOfPage\":{\"@id\":\"https:\\\/\\\/rigolivini.com\\\/de\\\/rigoli-veranstaltungen\\\/#primaryimage\"},\"image\":{\"@id\":\"https:\\\/\\\/rigolivini.com\\\/de\\\/rigoli-veranstaltungen\\\/#primaryimage\"},\"thumbnailUrl\":\"https:\\\/\\\/rigolivini.com\\\/_mamawp\\\/wp-content\\\/uploads\\\/2016\\\/05\\\/locandina-rigoli-2016.jpg\",\"datePublished\":\"2017-03-23T08:19:31+00:00\",\"dateModified\":\"2017-03-23T10:00:15+00:00\",\"description\":\"Azienda agricola della Val di Cornia.\",\"inLanguage\":\"de\",\"potentialAction\":[{\"@type\":\"ReadAction\",\"target\":[\"https:\\\/\\\/rigolivini.com\\\/de\\\/rigoli-veranstaltungen\\\/\"]}]},{\"@type\":\"ImageObject\",\"inLanguage\":\"de\",\"@id\":\"https:\\\/\\\/rigolivini.com\\\/de\\\/rigoli-veranstaltungen\\\/#primaryimage\",\"url\":\"https:\\\/\\\/rigolivini.com\\\/_mamawp\\\/wp-content\\\/uploads\\\/2016\\\/05\\\/locandina-rigoli-2016.jpg\",\"contentUrl\":\"https:\\\/\\\/rigolivini.com\\\/_mamawp\\\/wp-content\\\/uploads\\\/2016\\\/05\\\/locandina-rigoli-2016.jpg\",\"width\":3508,\"height\":2164},{\"@type\":\"WebSite\",\"@id\":\"https:\\\/\\\/rigolivini.com\\\/de\\\/#website\",\"url\":\"https:\\\/\\\/rigolivini.com\\\/de\\\/\",\"name\":\"Rigolivini\",\"description\":\"Azienda agricola della Val di Cornia.\",\"publisher\":{\"@id\":\"https:\\\/\\\/rigolivini.com\\\/de\\\/#organization\"},\"potentialAction\":[{\"@type\":\"SearchAction\",\"target\":{\"@type\":\"EntryPoint\",\"urlTemplate\":\"https:\\\/\\\/rigolivini.com\\\/de\\\/?s={search_term_string}\"},\"query-input\":{\"@type\":\"PropertyValueSpecification\",\"valueRequired\":true,\"valueName\":\"search_term_string\"}}],\"inLanguage\":\"de\"},{\"@type\":\"Organization\",\"@id\":\"https:\\\/\\\/rigolivini.com\\\/de\\\/#organization\",\"name\":\"Rigolivini\",\"url\":\"https:\\\/\\\/rigolivini.com\\\/de\\\/\",\"logo\":{\"@type\":\"ImageObject\",\"inLanguage\":\"de\",\"@id\":\"https:\\\/\\\/rigolivini.com\\\/de\\\/#\\\/schema\\\/logo\\\/image\\\/\",\"url\":\"https:\\\/\\\/rigolivini.com\\\/_mamawp\\\/wp-content\\\/uploads\\\/2022\\\/08\\\/logox2.png\",\"contentUrl\":\"https:\\\/\\\/rigolivini.com\\\/_mamawp\\\/wp-content\\\/uploads\\\/2022\\\/08\\\/logox2.png\",\"width\":286,\"height\":390,\"caption\":\"Rigolivini\"},\"image\":{\"@id\":\"https:\\\/\\\/rigolivini.com\\\/de\\\/#\\\/schema\\\/logo\\\/image\\\/\"}}]}<\/script>\n<!-- \/ Yoast SEO plugin. -->","yoast_head_json":{"title":"Rigoli Veranstaltungen - Rigolivini","description":"Azienda agricola della Val di Cornia.","robots":{"index":"index","follow":"follow","max-snippet":"max-snippet:-1","max-image-preview":"max-image-preview:large","max-video-preview":"max-video-preview:-1"},"canonical":"https:\/\/rigolivini.com\/de\/rigoli-veranstaltungen\/","og_locale":"de_DE","og_type":"article","og_title":"Rigoli Veranstaltungen - Rigolivini","og_description":"Azienda agricola della Val di Cornia.","og_url":"https:\/\/rigolivini.com\/de\/rigoli-veranstaltungen\/","og_site_name":"Rigolivini","article_modified_time":"2017-03-23T10:00:15+00:00","og_image":[{"width":3508,"height":2164,"url":"https:\/\/rigolivini.com\/_mamawp\/wp-content\/uploads\/2016\/05\/locandina-rigoli-2016.jpg","type":"image\/jpeg"}],"twitter_card":"summary_large_image","twitter_misc":{"Gesch\u00e4tzte Lesezeit":"1\u00a0Minute"},"schema":{"@context":"https:\/\/schema.org","@graph":[{"@type":"WebPage","@id":"https:\/\/rigolivini.com\/de\/rigoli-veranstaltungen\/","url":"https:\/\/rigolivini.com\/de\/rigoli-veranstaltungen\/","name":"Rigoli Veranstaltungen - Rigolivini","isPartOf":{"@id":"https:\/\/rigolivini.com\/de\/#website"},"primaryImageOfPage":{"@id":"https:\/\/rigolivini.com\/de\/rigoli-veranstaltungen\/#primaryimage"},"image":{"@id":"https:\/\/rigolivini.com\/de\/rigoli-veranstaltungen\/#primaryimage"},"thumbnailUrl":"https:\/\/rigolivini.com\/_mamawp\/wp-content\/uploads\/2016\/05\/locandina-rigoli-2016.jpg","datePublished":"2017-03-23T08:19:31+00:00","dateModified":"2017-03-23T10:00:15+00:00","description":"Azienda agricola della Val di Cornia.","inLanguage":"de","potentialAction":[{"@type":"ReadAction","target":["https:\/\/rigolivini.com\/de\/rigoli-veranstaltungen\/"]}]},{"@type":"ImageObject","inLanguage":"de","@id":"https:\/\/rigolivini.com\/de\/rigoli-veranstaltungen\/#primaryimage","url":"https:\/\/rigolivini.com\/_mamawp\/wp-content\/uploads\/2016\/05\/locandina-rigoli-2016.jpg","contentUrl":"https:\/\/rigolivini.com\/_mamawp\/wp-content\/uploads\/2016\/05\/locandina-rigoli-2016.jpg","width":3508,"height":2164},{"@type":"WebSite","@id":"https:\/\/rigolivini.com\/de\/#website","url":"https:\/\/rigolivini.com\/de\/","name":"Rigolivini","description":"Azienda agricola della Val di Cornia.","publisher":{"@id":"https:\/\/rigolivini.com\/de\/#organization"},"potentialAction":[{"@type":"SearchAction","target":{"@type":"EntryPoint","urlTemplate":"https:\/\/rigolivini.com\/de\/?s={search_term_string}"},"query-input":{"@type":"PropertyValueSpecification","valueRequired":true,"valueName":"search_term_string"}}],"inLanguage":"de"},{"@type":"Organization","@id":"https:\/\/rigolivini.com\/de\/#organization","name":"Rigolivini","url":"https:\/\/rigolivini.com\/de\/","logo":{"@type":"ImageObject","inLanguage":"de","@id":"https:\/\/rigolivini.com\/de\/#\/schema\/logo\/image\/","url":"https:\/\/rigolivini.com\/_mamawp\/wp-content\/uploads\/2022\/08\/logox2.png","contentUrl":"https:\/\/rigolivini.com\/_mamawp\/wp-content\/uploads\/2022\/08\/logox2.png","width":286,"height":390,"caption":"Rigolivini"},"image":{"@id":"https:\/\/rigolivini.com\/de\/#\/schema\/logo\/image\/"}}]}},"_links":{"self":[{"href":"https:\/\/rigolivini.com\/de\/wp-json\/wp\/v2\/pages\/734","targetHints":{"allow":["GET"]}}],"collection":[{"href":"https:\/\/rigolivini.com\/de\/wp-json\/wp\/v2\/pages"}],"about":[{"href":"https:\/\/rigolivini.com\/de\/wp-json\/wp\/v2\/types\/page"}],"author":[{"embeddable":true,"href":"https:\/\/rigolivini.com\/de\/wp-json\/wp\/v2\/users\/8"}],"replies":[{"embeddable":true,"href":"https:\/\/rigolivini.com\/de\/wp-json\/wp\/v2\/comments?post=734"}],"version-history":[{"count":0,"href":"https:\/\/rigolivini.com\/de\/wp-json\/wp\/v2\/pages\/734\/revisions"}],"wp:featuredmedia":[{"embeddable":true,"href":"https:\/\/rigolivini.com\/de\/wp-json\/wp\/v2\/media\/1000"}],"wp:attachment":[{"href":"https:\/\/rigolivini.com\/de\/wp-json\/wp\/v2\/media?parent=734"}],"curies":[{"name":"wp","href":"https:\/\/api.w.org\/{rel}","templated":true}]}}