{"id":730,"date":"2017-03-23T09:11:57","date_gmt":"2017-03-23T08:11:57","guid":{"rendered":"https:\/\/rigolivini.com\/?page_id=730"},"modified":"2023-09-22T17:42:54","modified_gmt":"2023-09-22T15:42:54","slug":"verkostungen","status":"publish","type":"page","link":"https:\/\/rigolivini.com\/de\/verkostungen\/","title":{"rendered":"Weinprobe"},"content":{"rendered":"<p>Azienda Rigoli, bietet , wie jedes Jahr die Weinprobe mit den eigenen Weinen an. Unser Weingut liegt in der n\u00e4he von Suvereto.Die Gastfreundschaft und die Wilkommenskultur sind schon immer unserer Markenzeichen.Wir denken, dass die Verbreitung der Weinkultur wesntlich ist, um die gesamte Branche wechseln zu lassen. Es gibt immer mehr Interesse rund um das Thema Weinherstellung und Weinprobe. Bei Azienda Rigoli k\u00f6nnen Sie zwei unterschiedliche Erfahrungen genie\u00dfen:<span style=\"margin: 0px; color: #444444; font-family: 'Helvetica',sans-serif; font-size: 10.5pt;\"><br \/>\n<\/span><span style=\"margin: 0px; color: #444444; font-family: 'Helvetica',sans-serif; font-size: 10.5pt;\"><strong> <br \/>\n<\/strong><\/span><strong><img loading=\"lazy\" decoding=\"async\" class=\"alignleft  wp-image-2636\" src=\"https:\/\/rigolivini.com\/_mamawp\/wp-content\/uploads\/2023\/09\/sala-degustazione-interno-4rid-600x800.jpg\" alt=\"\" width=\"326\" height=\"434\" srcset=\"https:\/\/rigolivini.com\/_mamawp\/wp-content\/uploads\/2023\/09\/sala-degustazione-interno-4rid-600x801.jpg 600w, https:\/\/rigolivini.com\/_mamawp\/wp-content\/uploads\/2023\/09\/sala-degustazione-interno-4rid-1199x1600.jpg 1199w, https:\/\/rigolivini.com\/_mamawp\/wp-content\/uploads\/2023\/09\/sala-degustazione-interno-4rid-768x1025.jpg 768w, https:\/\/rigolivini.com\/_mamawp\/wp-content\/uploads\/2023\/09\/sala-degustazione-interno-4rid-1151x1536.jpg 1151w, https:\/\/rigolivini.com\/_mamawp\/wp-content\/uploads\/2023\/09\/sala-degustazione-interno-4rid-1535x2048.jpg 1535w, https:\/\/rigolivini.com\/_mamawp\/wp-content\/uploads\/2023\/09\/sala-degustazione-interno-4rid-375x500.jpg 375w, https:\/\/rigolivini.com\/_mamawp\/wp-content\/uploads\/2023\/09\/sala-degustazione-interno-4rid-450x600.jpg 450w, https:\/\/rigolivini.com\/_mamawp\/wp-content\/uploads\/2023\/09\/sala-degustazione-interno-4rid.jpg 1792w\" sizes=\"auto, (max-width: 326px) 100vw, 326px\" \/>Die Weinprobe Klassik<\/strong>: Sie k\u00f6nnen unsere Weine in unserem Weinladen kostenlos probieren. Ein Mitarbeiter wird ihnen gern unsere Weinauswahle emphfehlen. Die Klassik-Weinprobe ist das ganze Jahr m\u00f6glich und eine Reservierung ist nicht erforderlich.<\/p>\n<p><strong>Weinprobe mit kulinarischer Kombination<\/strong>: Sie k\u00f6nnen unsere Wein zusammen mit K\u00e4se und leckerer Wurst probieren. Sie k\u00f6nnen das Weingut besichtigen, die Atmosph\u00e4re genie\u00dfen und dort auch den Eigent\u00fcmer kennenlernen.Sie k\u00f6nnen auch gern unsere Oliven\u00f6l (IGP) probieren. F\u00fcr diese Weinprobe sind mindestens 2 Reservierungen notwendig. Der Preis betr\u00e4gt 20 euro pro Person. Dieses Angebot\u00a0 ist zwischen M\u00e4rz und Oktober verf\u00fcgtbar.<br \/>\n<strong><br \/>\nWeintour und Verkostung<\/strong><br \/>\nDie Tour besteht aus einem Spaziergang durch einen Teil der Weinberge des Weinguts, dem Besuch des Weinkellers und der Barriccaia (Fassraum) zum Abschluss der Weinprobe.<br \/>\nDie Weintour findet zwischen M\u00e4rz und Oktober statt und erfordert eine Voranmeldung f\u00fcr mindestens 2 Personen (30 \u20ac pro Person).<\/p>\n<p>Wir sind leicht zu finden,Sie erreichen Azienda Rigoli unter der folgenden Adresse: SP (Provinzstra\u00dfe) \u00a0398, dass die Verbindung zwischen Suvereto und Venturina ist.Mit dem Schnellstra\u00dfe (SS1) nehmen Sie die AusgangVenturina und folgen den Schilder nach Suvereto.<\/p>\n<p>Sie k\u00f6nnen uns gerne besuchen:<br \/>\n<strong>Montag-Samstag 09.00 \u2013 20.00\u00a0 <\/strong><br \/>\n<strong>Sonntag und feiertagen 9.00 \u2013 13.00<\/strong><br \/>\nF\u00fcr Reservierunsanfragen:<\/p>\n<p>Niccol\u00f3 3293160822<br \/>\nNelusco 3486002441<br \/>\nWir freuen uns auf ihren Besuch!<\/p>\n\n                <div class='gf_browser_gecko gform_wrapper' id='gform_wrapper_3' ><form method='post' enctype='multipart\/form-data'  id='gform_3'  action='\/de\/wp-json\/wp\/v2\/pages\/730'> \r\n <input type='hidden' class='gforms-pum' value='{\"closepopup\":false,\"closedelay\":0,\"openpopup\":false,\"openpopup_id\":0}' \/>\n                        <div class='gform_body'><ul id='gform_fields_3' class='gform_fields top_label form_sublabel_below description_below'><li id='field_3_1'  class='gfield gfield_contains_required field_sublabel_below field_description_below gfield_visibility_visible' ><label class='gfield_label' for='input_3_1' >Name<span class='gfield_required'>*<\/span><\/label><div class='ginput_container ginput_container_text'><input name='input_1' id='input_3_1' type='text' value='' class='medium'     aria-required=\"true\" aria-invalid=\"false\" \/><\/div><\/li><li id='field_3_2'  class='gfield gfield_contains_required field_sublabel_below field_description_below gfield_visibility_visible' ><label class='gfield_label' for='input_3_2' >Nachname<span class='gfield_required'>*<\/span><\/label><div class='ginput_container ginput_container_text'><input name='input_2' id='input_3_2' type='text' value='' class='medium'     aria-required=\"true\" aria-invalid=\"false\" \/><\/div><\/li><li id='field_3_3'  class='gfield gfield_contains_required field_sublabel_below field_description_below gfield_visibility_visible' ><label class='gfield_label' for='input_3_3' >Email<span class='gfield_required'>*<\/span><\/label><div class='ginput_container ginput_container_text'><input name='input_3' id='input_3_3' type='text' value='' class='medium'     aria-required=\"true\" aria-invalid=\"false\" \/><\/div><\/li><li id='field_3_4'  class='gfield gfield_contains_required field_sublabel_below field_description_below gfield_visibility_visible' ><label class='gfield_label' for='input_3_4' >Telefon<span class='gfield_required'>*<\/span><\/label><div class='ginput_container ginput_container_text'><input name='input_4' id='input_3_4' type='text' value='' class='medium'     aria-required=\"true\" aria-invalid=\"false\" \/><\/div><\/li><li id='field_3_8'  class='gfield gfield_contains_required field_sublabel_below field_description_below gfield_visibility_visible' ><label class='gfield_label' for='input_3_8' >Daten<span class='gfield_required'>*<\/span><\/label><div class='ginput_container ginput_container_date'>\n                            <input name='input_8' id='input_3_8' type='text' value='' class='datepicker medium mdy datepicker_no_icon'    aria-describedby='input_3_8_date_format' \/>\n                            <span id='input_3_8_date_format' class='screen-reader-text'>Datumsformat:MM Schr\u00e4gstrich TT Schr\u00e4gstrich JJJJ<\/span>\n                        <\/div>\n                        <input type='hidden' id='gforms_calendar_icon_input_3_8' class='gform_hidden' value='https:\/\/rigolivini.com\/_mamawp\/wp-content\/plugins\/gravityforms\/images\/calendar.png'\/><\/li><li id='field_3_10'  class='gfield gfield_contains_required field_sublabel_below field_description_below gfield_visibility_visible' ><label class='gfield_label' for='input_3_10' >Anzahl der Personen<span class='gfield_required'>*<\/span><\/label><div class='ginput_container ginput_container_number'><input name='input_10' id='input_3_10' type='text'    value='' class='medium'     aria-required=\"true\" aria-invalid=\"false\" \/><\/div><\/li><li id='field_3_11'  class='gfield gfield_contains_required field_sublabel_below field_description_below gfield_visibility_visible' ><label class='gfield_label gfield_label_before_complex'  >jetzt<span class='gfield_required'>*<\/span><\/label><div class='clear-multi'>\n                        <div class='gfield_time_hour ginput_container ginput_container_time' id='input_3_11'>\n                            <input type='text' maxlength='2' name='input_11[]' id='input_3_11_1' value=''    \/> <i>:<\/i>\n                            <label for='input_3_11_1' >HH<\/label>\n                        <\/div>\n                        <div class='gfield_time_minute ginput_container ginput_container_time'>\n                            <input type='text' maxlength='2' name='input_11[]' id='input_3_11_2' value=''    \/>\n                            <label for='input_3_11_2' >MM<\/label>\n                        <\/div>\n                        \n                    <\/div><\/li><li id='field_3_5'  class='gfield gfield_contains_required field_sublabel_below field_description_below gfield_visibility_visible' ><label class='gfield_label' for='input_3_5' >Nachricht<span class='gfield_required'>*<\/span><\/label><div class='ginput_container ginput_container_textarea'><textarea name='input_5' id='input_3_5' class='textarea medium'     aria-required=\"true\" aria-invalid=\"false\"   rows='10' cols='50'><\/textarea><\/div><\/li><li id='field_3_6'  class='gfield gfield_contains_required field_sublabel_below field_description_below gfield_visibility_visible' ><label class='gfield_label'  >Zustimmung<span class='gfield_required'>*<\/span><\/label><div class='ginput_container ginput_container_consent'><input name='input_6.1' id='input_3_6_1' type='checkbox' value='1'  aria-describedby='gfield_consent_description_3_6' aria-required=\"true\" aria-invalid=\"false\"   \/> <label class=\"gfield_consent_label\" for='input_3_6_1' >Sottoscrivo la Privacy Policy.<\/label><input type='hidden' name='input_6.2' value='Sottoscrivo la Privacy Policy.' class='gform_hidden' \/><input type='hidden' name='input_6.3' value='3' class='gform_hidden' \/><\/div><div class='gfield_description gfield_consent_description' id='gfield_consent_description_3_6'>Ich habe die Informationen zum <a href=\"https:\/\/rigolivini.com\/de\/privacy-policy\/\" target=\"_blank\"> Datenschutz <\/a> gelesen, die gem\u00e4\u00df Art. 13-14 der DSGVO 2016\/679 und ich bin damit einverstanden, dass meine personenbezogenen Daten zum Versand von regelm\u00e4\u00dfigen Newslettern per E-Mail verarbeitet werden.<\/div><\/li><li id='field_3_7'  class='gfield field_sublabel_below field_description_below gfield_visibility_visible' ><label class='gfield_label' for='input_3_7' >CAPTCHA<\/label><div id='input_3_7' class='ginput_container ginput_recaptcha' data-sitekey='6LfvqB4TAAAAAFXQvPaD19HSN8k3POGcYlPP7vVo'  data-theme='light' data-tabindex='0'  data-badge=''><\/div><\/li>\n                            <\/ul><\/div>\n        <div class='gform_footer top_label'> <input type='submit' id='gform_submit_button_3' class='gform_button button' value='senden'  onclick='if(window[\"gf_submitting_3\"]){return false;}  window[\"gf_submitting_3\"]=true;  ' onkeypress='if( event.keyCode == 13 ){ if(window[\"gf_submitting_3\"]){return false;} window[\"gf_submitting_3\"]=true;  jQuery(\"#gform_3\").trigger(\"submit\",[true]); }' \/> \n            <input type='hidden' class='gform_hidden' name='is_submit_3' value='1' \/>\n            <input type='hidden' class='gform_hidden' name='gform_submit' value='3' \/>\n            \n            <input type='hidden' class='gform_hidden' name='gform_unique_id' value='' \/>\n            <input type='hidden' class='gform_hidden' name='state_3' value='WyJbXSIsImY1ZjRlMTc4YTgyNDJmMDliY2ViNmVkNTBhYTI5MDA2Il0=' \/>\n            <input type='hidden' class='gform_hidden' name='gform_target_page_number_3' id='gform_target_page_number_3' value='0' \/>\n            <input type='hidden' class='gform_hidden' name='gform_source_page_number_3' id='gform_source_page_number_3' value='1' \/>\n            <input type='hidden' name='gform_field_values' value='' \/>\n            \n        <\/div>\n                        <\/form>\n                        <\/div><script type='text\/javascript'> jQuery(document).bind('gform_post_render', function(event, formId, currentPage){if(formId == 3) {} } );jQuery(document).bind('gform_post_conditional_logic', function(event, formId, fields, isInit){} );<\/script><script type='text\/javascript'> jQuery(document).ready(function(){jQuery(document).trigger('gform_post_render', [3, 1]) } ); <\/script>\n","protected":false},"excerpt":{"rendered":"<p>Azienda Rigoli, bietet , wie jedes Jahr die Weinprobe mit den eigenen Weinen an. Unser Weingut liegt in der n\u00e4he von Suvereto.Die Gastfreundschaft und die Wilkommenskultur sind schon immer unserer Markenzeichen.Wir denken, dass die Verbreitung der Weinkultur wesntlich ist, um die gesamte Branche wechseln zu lassen. Es gibt immer mehr Interesse rund um das Thema &hellip;<\/p>\n","protected":false},"author":8,"featured_media":0,"parent":0,"menu_order":0,"comment_status":"closed","ping_status":"closed","template":"","meta":{"_acf_changed":false,"footnotes":""},"class_list":["post-730","page","type-page","status-publish","hentry","trasversal_tag-degustazioni"],"acf":[],"yoast_head":"<!-- This site is optimized with the Yoast SEO plugin v27.3 - https:\/\/yoast.com\/product\/yoast-seo-wordpress\/ -->\n<title>Weinprobe - Rigolivini<\/title>\n<meta name=\"description\" content=\"Azienda agricola della Val di Cornia.\" \/>\n<meta name=\"robots\" content=\"index, follow, max-snippet:-1, max-image-preview:large, max-video-preview:-1\" \/>\n<link rel=\"canonical\" href=\"https:\/\/rigolivini.com\/de\/verkostungen\/\" \/>\n<meta property=\"og:locale\" content=\"de_DE\" \/>\n<meta property=\"og:type\" content=\"article\" \/>\n<meta property=\"og:title\" content=\"Weinprobe - Rigolivini\" \/>\n<meta property=\"og:description\" content=\"Azienda agricola della Val di Cornia.\" \/>\n<meta property=\"og:url\" content=\"https:\/\/rigolivini.com\/de\/verkostungen\/\" \/>\n<meta property=\"og:site_name\" content=\"Rigolivini\" \/>\n<meta property=\"article:modified_time\" content=\"2023-09-22T15:42:54+00:00\" \/>\n<meta property=\"og:image\" content=\"https:\/\/rigolivini.com\/_mamawp\/wp-content\/uploads\/2023\/09\/sala-degustazione-interno-4rid-600x800.jpg\" \/>\n<meta name=\"twitter:card\" content=\"summary_large_image\" \/>\n<meta name=\"twitter:label1\" content=\"Gesch\u00e4tzte Lesezeit\" \/>\n\t<meta name=\"twitter:data1\" content=\"2\u00a0Minuten\" \/>\n<script type=\"application\/ld+json\" class=\"yoast-schema-graph\">{\"@context\":\"https:\\\/\\\/schema.org\",\"@graph\":[{\"@type\":\"WebPage\",\"@id\":\"https:\\\/\\\/rigolivini.com\\\/de\\\/verkostungen\\\/\",\"url\":\"https:\\\/\\\/rigolivini.com\\\/de\\\/verkostungen\\\/\",\"name\":\"Weinprobe - Rigolivini\",\"isPartOf\":{\"@id\":\"https:\\\/\\\/rigolivini.com\\\/de\\\/#website\"},\"primaryImageOfPage\":{\"@id\":\"https:\\\/\\\/rigolivini.com\\\/de\\\/verkostungen\\\/#primaryimage\"},\"image\":{\"@id\":\"https:\\\/\\\/rigolivini.com\\\/de\\\/verkostungen\\\/#primaryimage\"},\"thumbnailUrl\":\"https:\\\/\\\/rigolivini.com\\\/_mamawp\\\/wp-content\\\/uploads\\\/2023\\\/09\\\/sala-degustazione-interno-4rid-600x800.jpg\",\"datePublished\":\"2017-03-23T08:11:57+00:00\",\"dateModified\":\"2023-09-22T15:42:54+00:00\",\"description\":\"Azienda agricola della Val di Cornia.\",\"inLanguage\":\"de\",\"potentialAction\":[{\"@type\":\"ReadAction\",\"target\":[\"https:\\\/\\\/rigolivini.com\\\/de\\\/verkostungen\\\/\"]}]},{\"@type\":\"ImageObject\",\"inLanguage\":\"de\",\"@id\":\"https:\\\/\\\/rigolivini.com\\\/de\\\/verkostungen\\\/#primaryimage\",\"url\":\"https:\\\/\\\/rigolivini.com\\\/_mamawp\\\/wp-content\\\/uploads\\\/2023\\\/09\\\/sala-degustazione-interno-4rid-600x800.jpg\",\"contentUrl\":\"https:\\\/\\\/rigolivini.com\\\/_mamawp\\\/wp-content\\\/uploads\\\/2023\\\/09\\\/sala-degustazione-interno-4rid-600x800.jpg\"},{\"@type\":\"WebSite\",\"@id\":\"https:\\\/\\\/rigolivini.com\\\/de\\\/#website\",\"url\":\"https:\\\/\\\/rigolivini.com\\\/de\\\/\",\"name\":\"Rigolivini\",\"description\":\"Azienda agricola della Val di Cornia.\",\"publisher\":{\"@id\":\"https:\\\/\\\/rigolivini.com\\\/de\\\/#organization\"},\"potentialAction\":[{\"@type\":\"SearchAction\",\"target\":{\"@type\":\"EntryPoint\",\"urlTemplate\":\"https:\\\/\\\/rigolivini.com\\\/de\\\/?s={search_term_string}\"},\"query-input\":{\"@type\":\"PropertyValueSpecification\",\"valueRequired\":true,\"valueName\":\"search_term_string\"}}],\"inLanguage\":\"de\"},{\"@type\":\"Organization\",\"@id\":\"https:\\\/\\\/rigolivini.com\\\/de\\\/#organization\",\"name\":\"Rigolivini\",\"url\":\"https:\\\/\\\/rigolivini.com\\\/de\\\/\",\"logo\":{\"@type\":\"ImageObject\",\"inLanguage\":\"de\",\"@id\":\"https:\\\/\\\/rigolivini.com\\\/de\\\/#\\\/schema\\\/logo\\\/image\\\/\",\"url\":\"https:\\\/\\\/rigolivini.com\\\/_mamawp\\\/wp-content\\\/uploads\\\/2022\\\/08\\\/logox2.png\",\"contentUrl\":\"https:\\\/\\\/rigolivini.com\\\/_mamawp\\\/wp-content\\\/uploads\\\/2022\\\/08\\\/logox2.png\",\"width\":286,\"height\":390,\"caption\":\"Rigolivini\"},\"image\":{\"@id\":\"https:\\\/\\\/rigolivini.com\\\/de\\\/#\\\/schema\\\/logo\\\/image\\\/\"}}]}<\/script>\n<!-- \/ Yoast SEO plugin. -->","yoast_head_json":{"title":"Weinprobe - Rigolivini","description":"Azienda agricola della Val di Cornia.","robots":{"index":"index","follow":"follow","max-snippet":"max-snippet:-1","max-image-preview":"max-image-preview:large","max-video-preview":"max-video-preview:-1"},"canonical":"https:\/\/rigolivini.com\/de\/verkostungen\/","og_locale":"de_DE","og_type":"article","og_title":"Weinprobe - Rigolivini","og_description":"Azienda agricola della Val di Cornia.","og_url":"https:\/\/rigolivini.com\/de\/verkostungen\/","og_site_name":"Rigolivini","article_modified_time":"2023-09-22T15:42:54+00:00","og_image":[{"url":"https:\/\/rigolivini.com\/_mamawp\/wp-content\/uploads\/2023\/09\/sala-degustazione-interno-4rid-600x800.jpg","type":"","width":"","height":""}],"twitter_card":"summary_large_image","twitter_misc":{"Gesch\u00e4tzte Lesezeit":"2\u00a0Minuten"},"schema":{"@context":"https:\/\/schema.org","@graph":[{"@type":"WebPage","@id":"https:\/\/rigolivini.com\/de\/verkostungen\/","url":"https:\/\/rigolivini.com\/de\/verkostungen\/","name":"Weinprobe - Rigolivini","isPartOf":{"@id":"https:\/\/rigolivini.com\/de\/#website"},"primaryImageOfPage":{"@id":"https:\/\/rigolivini.com\/de\/verkostungen\/#primaryimage"},"image":{"@id":"https:\/\/rigolivini.com\/de\/verkostungen\/#primaryimage"},"thumbnailUrl":"https:\/\/rigolivini.com\/_mamawp\/wp-content\/uploads\/2023\/09\/sala-degustazione-interno-4rid-600x800.jpg","datePublished":"2017-03-23T08:11:57+00:00","dateModified":"2023-09-22T15:42:54+00:00","description":"Azienda agricola della Val di Cornia.","inLanguage":"de","potentialAction":[{"@type":"ReadAction","target":["https:\/\/rigolivini.com\/de\/verkostungen\/"]}]},{"@type":"ImageObject","inLanguage":"de","@id":"https:\/\/rigolivini.com\/de\/verkostungen\/#primaryimage","url":"https:\/\/rigolivini.com\/_mamawp\/wp-content\/uploads\/2023\/09\/sala-degustazione-interno-4rid-600x800.jpg","contentUrl":"https:\/\/rigolivini.com\/_mamawp\/wp-content\/uploads\/2023\/09\/sala-degustazione-interno-4rid-600x800.jpg"},{"@type":"WebSite","@id":"https:\/\/rigolivini.com\/de\/#website","url":"https:\/\/rigolivini.com\/de\/","name":"Rigolivini","description":"Azienda agricola della Val di Cornia.","publisher":{"@id":"https:\/\/rigolivini.com\/de\/#organization"},"potentialAction":[{"@type":"SearchAction","target":{"@type":"EntryPoint","urlTemplate":"https:\/\/rigolivini.com\/de\/?s={search_term_string}"},"query-input":{"@type":"PropertyValueSpecification","valueRequired":true,"valueName":"search_term_string"}}],"inLanguage":"de"},{"@type":"Organization","@id":"https:\/\/rigolivini.com\/de\/#organization","name":"Rigolivini","url":"https:\/\/rigolivini.com\/de\/","logo":{"@type":"ImageObject","inLanguage":"de","@id":"https:\/\/rigolivini.com\/de\/#\/schema\/logo\/image\/","url":"https:\/\/rigolivini.com\/_mamawp\/wp-content\/uploads\/2022\/08\/logox2.png","contentUrl":"https:\/\/rigolivini.com\/_mamawp\/wp-content\/uploads\/2022\/08\/logox2.png","width":286,"height":390,"caption":"Rigolivini"},"image":{"@id":"https:\/\/rigolivini.com\/de\/#\/schema\/logo\/image\/"}}]}},"_links":{"self":[{"href":"https:\/\/rigolivini.com\/de\/wp-json\/wp\/v2\/pages\/730","targetHints":{"allow":["GET"]}}],"collection":[{"href":"https:\/\/rigolivini.com\/de\/wp-json\/wp\/v2\/pages"}],"about":[{"href":"https:\/\/rigolivini.com\/de\/wp-json\/wp\/v2\/types\/page"}],"author":[{"embeddable":true,"href":"https:\/\/rigolivini.com\/de\/wp-json\/wp\/v2\/users\/8"}],"replies":[{"embeddable":true,"href":"https:\/\/rigolivini.com\/de\/wp-json\/wp\/v2\/comments?post=730"}],"version-history":[{"count":0,"href":"https:\/\/rigolivini.com\/de\/wp-json\/wp\/v2\/pages\/730\/revisions"}],"wp:attachment":[{"href":"https:\/\/rigolivini.com\/de\/wp-json\/wp\/v2\/media?parent=730"}],"curies":[{"name":"wp","href":"https:\/\/api.w.org\/{rel}","templated":true}]}}