{"id":728,"date":"2017-03-23T09:06:07","date_gmt":"2017-03-23T08:06:07","guid":{"rendered":"https:\/\/rigolivini.com\/?page_id=728"},"modified":"2017-03-23T10:56:14","modified_gmt":"2017-03-23T09:56:14","slug":"rigoli-olivenol","status":"publish","type":"page","link":"https:\/\/rigolivini.com\/de\/die-azienda\/rigoli-olivenol\/","title":{"rendered":"Rigoli Oliven\u00f6l"},"content":{"rendered":"<h2>\u00a0<\/h2>\n<h2>Das hoch qualitative Extra Nativ Rigoli Oliven\u00f6l ist mit dem Standard des IGP TOSCANO<\/h2>\n<p><strong>zertifiziert.<\/strong><\/p>\n<h2>\u00a0<\/h2>\n<p><a href=\"https:\/\/rigolivini.com\/_mamawp\/wp-content\/uploads\/2016\/03\/olio-no-sfondo-583.png\"><img loading=\"lazy\" decoding=\"async\" class=\"alignleft  wp-image-238\" src=\"https:\/\/rigolivini.com\/_mamawp\/wp-content\/uploads\/2016\/03\/olio-no-sfondo-583-564x800.png\" alt=\"olio no sfondo 583\" width=\"183\" height=\"260\" srcset=\"https:\/\/rigolivini.com\/_mamawp\/wp-content\/uploads\/2016\/03\/olio-no-sfondo-583-564x800.png 564w, https:\/\/rigolivini.com\/_mamawp\/wp-content\/uploads\/2016\/03\/olio-no-sfondo-583-352x500.png 352w, https:\/\/rigolivini.com\/_mamawp\/wp-content\/uploads\/2016\/03\/olio-no-sfondo-583-423x600.png 423w, https:\/\/rigolivini.com\/_mamawp\/wp-content\/uploads\/2016\/03\/olio-no-sfondo-583.png 583w\" sizes=\"auto, (max-width: 183px) 100vw, 183px\" \/><\/a><\/p>\n<p>Die sogenannte \u201aIndicazione Geografica Protetta (IGP)\u2019 verifiziert nicht nur die Herkunft der\u00a0verwendeten Oliven sondern auch die Zulassung durch ein Gremium, das die\u00a0organoleptische Qualit\u00e4t des \u00d6ls nach der chemischen Analyse pr\u00fcft. Alle Oliven werden von\u00a0Hand geerntet und dann kaltgepresst und nicht filtriert.<\/p>\n<p>Die Olivenb\u00e4ume stehen \u00fcberwiegend auf relativ flachem Gel\u00e4nde am Fu\u00dfe des Montepitti.\u00a0Unser Weingut z\u00e4hlt ungef\u00e4hr eintausend Olivenb\u00e4ume, darunter vier verschiedene Sorten\u00a0typisch f\u00fcr die Toscana: Leccino, Moraiolo, Frantoiano und Pendolino.\u00a0Diese Kombination sorgt f\u00fcr einen intensiven, jedoch nicht zu aggressiven Geschmack, der\u00a0einen gro\u00dfartigen Eindruck am Gaumen hinterl\u00e4sst. Unser Oliven\u00f6l harmoniert nicht nur\u00a0hervorragend mit Salaten und Gem\u00fcse sondern auch mit allen Hauptg\u00e4ngen. Egal ob\u00a0Eint\u00f6pfe, Suppen, Fleisch- oder Fischgerichte.<\/p>\n<p><span style=\"color: #ff0000;\"><a href=\"https:\/\/rigolivini.com\/shop\/4-olio\" target=\"_blank\">Acquista ora &gt;&gt;&gt;<\/a><\/span><\/p>\n<p><a href=\"https:\/\/rigolivini.com\/_mamawp\/wp-content\/uploads\/2016\/04\/foto1.jpg\"><img loading=\"lazy\" decoding=\"async\" class=\"size-medium wp-image-299 aligncenter\" src=\"https:\/\/rigolivini.com\/_mamawp\/wp-content\/uploads\/2016\/04\/foto1-800x292.jpg\" alt=\"foto1\" width=\"800\" height=\"292\" srcset=\"https:\/\/rigolivini.com\/_mamawp\/wp-content\/uploads\/2016\/04\/foto1-800x292.jpg 800w, https:\/\/rigolivini.com\/_mamawp\/wp-content\/uploads\/2016\/04\/foto1-600x219.jpg 600w, https:\/\/rigolivini.com\/_mamawp\/wp-content\/uploads\/2016\/04\/foto1-550x201.jpg 550w, https:\/\/rigolivini.com\/_mamawp\/wp-content\/uploads\/2016\/04\/foto1.jpg 960w\" sizes=\"auto, (max-width: 800px) 100vw, 800px\" \/><\/a><\/p>\n","protected":false},"excerpt":{"rendered":"<p>\u00a0 Das hoch qualitative Extra Nativ Rigoli Oliven\u00f6l ist mit dem Standard des IGP TOSCANO zertifiziert. \u00a0 Die sogenannte \u201aIndicazione Geografica Protetta (IGP)\u2019 verifiziert nicht nur die Herkunft der\u00a0verwendeten Oliven sondern auch die Zulassung durch ein Gremium, das die\u00a0organoleptische Qualit\u00e4t des \u00d6ls nach der chemischen Analyse pr\u00fcft. Alle Oliven werden von\u00a0Hand geerntet und dann kaltgepresst &hellip;<\/p>\n","protected":false},"author":8,"featured_media":886,"parent":726,"menu_order":0,"comment_status":"closed","ping_status":"closed","template":"","meta":{"_acf_changed":false,"footnotes":""},"class_list":["post-728","page","type-page","status-publish","has-post-thumbnail","hentry","trasversal_tag-olio-igp"],"acf":[],"yoast_head":"<!-- This site is optimized with the Yoast SEO plugin v27.3 - https:\/\/yoast.com\/product\/yoast-seo-wordpress\/ -->\n<title>Rigoli Oliven\u00f6l - Rigolivini<\/title>\n<meta name=\"description\" content=\"Azienda agricola della Val di Cornia.\" \/>\n<meta name=\"robots\" content=\"index, follow, max-snippet:-1, max-image-preview:large, max-video-preview:-1\" \/>\n<link rel=\"canonical\" href=\"https:\/\/rigolivini.com\/de\/die-azienda\/rigoli-olivenol\/\" \/>\n<meta property=\"og:locale\" content=\"de_DE\" \/>\n<meta property=\"og:type\" content=\"article\" \/>\n<meta property=\"og:title\" content=\"Rigoli Oliven\u00f6l - Rigolivini\" \/>\n<meta property=\"og:description\" content=\"Azienda agricola della Val di Cornia.\" \/>\n<meta property=\"og:url\" content=\"https:\/\/rigolivini.com\/de\/die-azienda\/rigoli-olivenol\/\" \/>\n<meta property=\"og:site_name\" content=\"Rigolivini\" \/>\n<meta property=\"article:modified_time\" content=\"2017-03-23T09:56:14+00:00\" \/>\n<meta property=\"og:image\" content=\"https:\/\/rigolivini.com\/_mamawp\/wp-content\/uploads\/2016\/04\/rigoli4.jpg\" \/>\n\t<meta property=\"og:image:width\" content=\"1691\" \/>\n\t<meta property=\"og:image:height\" content=\"1123\" \/>\n\t<meta property=\"og:image:type\" content=\"image\/jpeg\" \/>\n<meta name=\"twitter:card\" content=\"summary_large_image\" \/>\n<meta name=\"twitter:label1\" content=\"Gesch\u00e4tzte Lesezeit\" \/>\n\t<meta name=\"twitter:data1\" content=\"1\u00a0Minute\" \/>\n<script type=\"application\/ld+json\" class=\"yoast-schema-graph\">{\"@context\":\"https:\\\/\\\/schema.org\",\"@graph\":[{\"@type\":\"WebPage\",\"@id\":\"https:\\\/\\\/rigolivini.com\\\/de\\\/die-azienda\\\/rigoli-olivenol\\\/\",\"url\":\"https:\\\/\\\/rigolivini.com\\\/de\\\/die-azienda\\\/rigoli-olivenol\\\/\",\"name\":\"Rigoli Oliven\u00f6l - Rigolivini\",\"isPartOf\":{\"@id\":\"https:\\\/\\\/rigolivini.com\\\/de\\\/#website\"},\"primaryImageOfPage\":{\"@id\":\"https:\\\/\\\/rigolivini.com\\\/de\\\/die-azienda\\\/rigoli-olivenol\\\/#primaryimage\"},\"image\":{\"@id\":\"https:\\\/\\\/rigolivini.com\\\/de\\\/die-azienda\\\/rigoli-olivenol\\\/#primaryimage\"},\"thumbnailUrl\":\"https:\\\/\\\/rigolivini.com\\\/_mamawp\\\/wp-content\\\/uploads\\\/2016\\\/04\\\/rigoli4.jpg\",\"datePublished\":\"2017-03-23T08:06:07+00:00\",\"dateModified\":\"2017-03-23T09:56:14+00:00\",\"description\":\"Azienda agricola della Val di Cornia.\",\"breadcrumb\":{\"@id\":\"https:\\\/\\\/rigolivini.com\\\/de\\\/die-azienda\\\/rigoli-olivenol\\\/#breadcrumb\"},\"inLanguage\":\"de\",\"potentialAction\":[{\"@type\":\"ReadAction\",\"target\":[\"https:\\\/\\\/rigolivini.com\\\/de\\\/die-azienda\\\/rigoli-olivenol\\\/\"]}]},{\"@type\":\"ImageObject\",\"inLanguage\":\"de\",\"@id\":\"https:\\\/\\\/rigolivini.com\\\/de\\\/die-azienda\\\/rigoli-olivenol\\\/#primaryimage\",\"url\":\"https:\\\/\\\/rigolivini.com\\\/_mamawp\\\/wp-content\\\/uploads\\\/2016\\\/04\\\/rigoli4.jpg\",\"contentUrl\":\"https:\\\/\\\/rigolivini.com\\\/_mamawp\\\/wp-content\\\/uploads\\\/2016\\\/04\\\/rigoli4.jpg\",\"width\":1691,\"height\":1123},{\"@type\":\"BreadcrumbList\",\"@id\":\"https:\\\/\\\/rigolivini.com\\\/de\\\/die-azienda\\\/rigoli-olivenol\\\/#breadcrumb\",\"itemListElement\":[{\"@type\":\"ListItem\",\"position\":1,\"name\":\"Das Weingut\",\"item\":\"https:\\\/\\\/rigolivini.com\\\/de\\\/die-azienda\\\/\"},{\"@type\":\"ListItem\",\"position\":2,\"name\":\"Rigoli Oliven\u00f6l\"}]},{\"@type\":\"WebSite\",\"@id\":\"https:\\\/\\\/rigolivini.com\\\/de\\\/#website\",\"url\":\"https:\\\/\\\/rigolivini.com\\\/de\\\/\",\"name\":\"Rigolivini\",\"description\":\"Azienda agricola della Val di Cornia.\",\"publisher\":{\"@id\":\"https:\\\/\\\/rigolivini.com\\\/de\\\/#organization\"},\"potentialAction\":[{\"@type\":\"SearchAction\",\"target\":{\"@type\":\"EntryPoint\",\"urlTemplate\":\"https:\\\/\\\/rigolivini.com\\\/de\\\/?s={search_term_string}\"},\"query-input\":{\"@type\":\"PropertyValueSpecification\",\"valueRequired\":true,\"valueName\":\"search_term_string\"}}],\"inLanguage\":\"de\"},{\"@type\":\"Organization\",\"@id\":\"https:\\\/\\\/rigolivini.com\\\/de\\\/#organization\",\"name\":\"Rigolivini\",\"url\":\"https:\\\/\\\/rigolivini.com\\\/de\\\/\",\"logo\":{\"@type\":\"ImageObject\",\"inLanguage\":\"de\",\"@id\":\"https:\\\/\\\/rigolivini.com\\\/de\\\/#\\\/schema\\\/logo\\\/image\\\/\",\"url\":\"https:\\\/\\\/rigolivini.com\\\/_mamawp\\\/wp-content\\\/uploads\\\/2022\\\/08\\\/logox2.png\",\"contentUrl\":\"https:\\\/\\\/rigolivini.com\\\/_mamawp\\\/wp-content\\\/uploads\\\/2022\\\/08\\\/logox2.png\",\"width\":286,\"height\":390,\"caption\":\"Rigolivini\"},\"image\":{\"@id\":\"https:\\\/\\\/rigolivini.com\\\/de\\\/#\\\/schema\\\/logo\\\/image\\\/\"}}]}<\/script>\n<!-- \/ Yoast SEO plugin. -->","yoast_head_json":{"title":"Rigoli Oliven\u00f6l - Rigolivini","description":"Azienda agricola della Val di Cornia.","robots":{"index":"index","follow":"follow","max-snippet":"max-snippet:-1","max-image-preview":"max-image-preview:large","max-video-preview":"max-video-preview:-1"},"canonical":"https:\/\/rigolivini.com\/de\/die-azienda\/rigoli-olivenol\/","og_locale":"de_DE","og_type":"article","og_title":"Rigoli Oliven\u00f6l - Rigolivini","og_description":"Azienda agricola della Val di Cornia.","og_url":"https:\/\/rigolivini.com\/de\/die-azienda\/rigoli-olivenol\/","og_site_name":"Rigolivini","article_modified_time":"2017-03-23T09:56:14+00:00","og_image":[{"width":1691,"height":1123,"url":"https:\/\/rigolivini.com\/_mamawp\/wp-content\/uploads\/2016\/04\/rigoli4.jpg","type":"image\/jpeg"}],"twitter_card":"summary_large_image","twitter_misc":{"Gesch\u00e4tzte Lesezeit":"1\u00a0Minute"},"schema":{"@context":"https:\/\/schema.org","@graph":[{"@type":"WebPage","@id":"https:\/\/rigolivini.com\/de\/die-azienda\/rigoli-olivenol\/","url":"https:\/\/rigolivini.com\/de\/die-azienda\/rigoli-olivenol\/","name":"Rigoli Oliven\u00f6l - Rigolivini","isPartOf":{"@id":"https:\/\/rigolivini.com\/de\/#website"},"primaryImageOfPage":{"@id":"https:\/\/rigolivini.com\/de\/die-azienda\/rigoli-olivenol\/#primaryimage"},"image":{"@id":"https:\/\/rigolivini.com\/de\/die-azienda\/rigoli-olivenol\/#primaryimage"},"thumbnailUrl":"https:\/\/rigolivini.com\/_mamawp\/wp-content\/uploads\/2016\/04\/rigoli4.jpg","datePublished":"2017-03-23T08:06:07+00:00","dateModified":"2017-03-23T09:56:14+00:00","description":"Azienda agricola della Val di Cornia.","breadcrumb":{"@id":"https:\/\/rigolivini.com\/de\/die-azienda\/rigoli-olivenol\/#breadcrumb"},"inLanguage":"de","potentialAction":[{"@type":"ReadAction","target":["https:\/\/rigolivini.com\/de\/die-azienda\/rigoli-olivenol\/"]}]},{"@type":"ImageObject","inLanguage":"de","@id":"https:\/\/rigolivini.com\/de\/die-azienda\/rigoli-olivenol\/#primaryimage","url":"https:\/\/rigolivini.com\/_mamawp\/wp-content\/uploads\/2016\/04\/rigoli4.jpg","contentUrl":"https:\/\/rigolivini.com\/_mamawp\/wp-content\/uploads\/2016\/04\/rigoli4.jpg","width":1691,"height":1123},{"@type":"BreadcrumbList","@id":"https:\/\/rigolivini.com\/de\/die-azienda\/rigoli-olivenol\/#breadcrumb","itemListElement":[{"@type":"ListItem","position":1,"name":"Das Weingut","item":"https:\/\/rigolivini.com\/de\/die-azienda\/"},{"@type":"ListItem","position":2,"name":"Rigoli Oliven\u00f6l"}]},{"@type":"WebSite","@id":"https:\/\/rigolivini.com\/de\/#website","url":"https:\/\/rigolivini.com\/de\/","name":"Rigolivini","description":"Azienda agricola della Val di Cornia.","publisher":{"@id":"https:\/\/rigolivini.com\/de\/#organization"},"potentialAction":[{"@type":"SearchAction","target":{"@type":"EntryPoint","urlTemplate":"https:\/\/rigolivini.com\/de\/?s={search_term_string}"},"query-input":{"@type":"PropertyValueSpecification","valueRequired":true,"valueName":"search_term_string"}}],"inLanguage":"de"},{"@type":"Organization","@id":"https:\/\/rigolivini.com\/de\/#organization","name":"Rigolivini","url":"https:\/\/rigolivini.com\/de\/","logo":{"@type":"ImageObject","inLanguage":"de","@id":"https:\/\/rigolivini.com\/de\/#\/schema\/logo\/image\/","url":"https:\/\/rigolivini.com\/_mamawp\/wp-content\/uploads\/2022\/08\/logox2.png","contentUrl":"https:\/\/rigolivini.com\/_mamawp\/wp-content\/uploads\/2022\/08\/logox2.png","width":286,"height":390,"caption":"Rigolivini"},"image":{"@id":"https:\/\/rigolivini.com\/de\/#\/schema\/logo\/image\/"}}]}},"_links":{"self":[{"href":"https:\/\/rigolivini.com\/de\/wp-json\/wp\/v2\/pages\/728","targetHints":{"allow":["GET"]}}],"collection":[{"href":"https:\/\/rigolivini.com\/de\/wp-json\/wp\/v2\/pages"}],"about":[{"href":"https:\/\/rigolivini.com\/de\/wp-json\/wp\/v2\/types\/page"}],"author":[{"embeddable":true,"href":"https:\/\/rigolivini.com\/de\/wp-json\/wp\/v2\/users\/8"}],"replies":[{"embeddable":true,"href":"https:\/\/rigolivini.com\/de\/wp-json\/wp\/v2\/comments?post=728"}],"version-history":[{"count":0,"href":"https:\/\/rigolivini.com\/de\/wp-json\/wp\/v2\/pages\/728\/revisions"}],"up":[{"embeddable":true,"href":"https:\/\/rigolivini.com\/de\/wp-json\/wp\/v2\/pages\/726"}],"wp:featuredmedia":[{"embeddable":true,"href":"https:\/\/rigolivini.com\/de\/wp-json\/wp\/v2\/media\/886"}],"wp:attachment":[{"href":"https:\/\/rigolivini.com\/de\/wp-json\/wp\/v2\/media?parent=728"}],"curies":[{"name":"wp","href":"https:\/\/api.w.org\/{rel}","templated":true}]}}