{"id":727,"date":"2017-03-23T09:03:53","date_gmt":"2017-03-23T08:03:53","guid":{"rendered":"https:\/\/rigolivini.com\/?page_id=727"},"modified":"2017-03-23T09:03:53","modified_gmt":"2017-03-23T08:03:53","slug":"philosophie","status":"publish","type":"page","link":"https:\/\/rigolivini.com\/de\/die-azienda\/philosophie\/","title":{"rendered":"Philosophie"},"content":{"rendered":"<p>&nbsp;<\/p>\n<p><a href=\"https:\/\/rigolivini.com\/_mamawp\/wp-content\/uploads\/2016\/01\/passione2.png\"><img loading=\"lazy\" decoding=\"async\" class=\"alignleft  wp-image-335\" src=\"https:\/\/rigolivini.com\/_mamawp\/wp-content\/uploads\/2016\/01\/passione2.png\" alt=\"passione2\" width=\"89\" height=\"79\" \/><\/a><strong>Leidenschaft<br \/><\/strong>Seit \u00fcber 20 Jahren betreiben wir mit gro\u00dfer Hingabe diese Landwirtschaft, dabei haben wir unser Augenmerk stets auf die Natur und ihre Fr\u00fcchte gerichtet. Die Pflege und den Anbau der Oliven und Weinreben verfolgen wir mit famili\u00e4ren Engagement. Die Trauben werden\u00a0ausschlie\u00dflich von Hand gelesen.<\/p>\n<hr \/>\n<p><strong>Gebiet<\/strong><a href=\"https:\/\/rigolivini.com\/_mamawp\/wp-content\/uploads\/2016\/01\/Senza-titolo-1.png\"><img loading=\"lazy\" decoding=\"async\" class=\"alignright  wp-image-297\" src=\"https:\/\/rigolivini.com\/_mamawp\/wp-content\/uploads\/2016\/01\/Senza-titolo-1.png\" alt=\"Senza titolo-1\" width=\"108\" height=\"109\" \/><br \/><\/a>Wir glauben fest an die Gemeinschaftsarbeit und den Aufstieg unserer Region des Val di\u00a0Cornia. Erdboden reichhaltig an Mineralien und traditionell dem Anbau von Wein und Oliven\u00a0gewidmet, aber auch anderen regionalen Spezialit\u00e4ten wie Tomaten und Artischocken. Eine\u00a0Landschaft gepr\u00e4gt durch die \u00fcppig bl\u00fchenden H\u00fcgelketten und der Sch\u00f6nheit des\u00a0Mittelmeeres. Dieser Anblick findet sich in Mitten der St\u00e4dtchen und Gemeinden von San\u00a0Vincenzo, Campiglia Marittima, Suvereto, Piombino und Sassetta.\u00a0Wir sind Mitglied der Genossenschaft f\u00fcr den Erhalt der D.O.C. Weine des Val di Cornia.(Consorzio per la tutela dei vini DOC Val di Cornia)<\/p>\n<hr \/>\n<p style=\"text-align: center;\"><a href=\"https:\/\/rigolivini.com\/_mamawp\/wp-content\/uploads\/2016\/01\/ospitalit\u00e0.png\"><img loading=\"lazy\" decoding=\"async\" class=\"alignleft  wp-image-287\" src=\"https:\/\/rigolivini.com\/_mamawp\/wp-content\/uploads\/2016\/01\/ospitalit\u00e0.png\" alt=\"ospitalit\u00e0\" width=\"161\" height=\"114\" \/><\/a><\/p>\n<p><strong>Gastfreundschaft<br \/><\/strong>Uns liegt viel daran unsere tiefe Verbundenheit f\u00fcr die Wein- und \u00d6lherstellung zu teilen und\u00a0\u00a0dies durch ganzj\u00e4hrige kulturelle Events und Weinproben zu zeigen. Unsere T\u00fcr ist immer f\u00fcr\u00a0Sie ge\u00f6ffnet.<\/p>\n<p>&nbsp;<\/p>\n<hr \/>\n<p><strong>Nachhaltigkeit<\/strong><a href=\"https:\/\/rigolivini.com\/_mamawp\/wp-content\/uploads\/2016\/01\/sostenibilit\u00e0.png\"><img loading=\"lazy\" decoding=\"async\" class=\"alignright  wp-image-288\" src=\"https:\/\/rigolivini.com\/_mamawp\/wp-content\/uploads\/2016\/01\/sostenibilit\u00e0.png\" alt=\"sostenibilit\u00e0\" width=\"84\" height=\"149\" \/><br \/><\/a>Wir sind \u00fcberzeugt von nachhaltiger Nutzung der Natur und nachhaltiger Landwirtschaft, die\u00a0m\u00f6glichst wenig die Umwelt beeinflusst. Wir gehen sparsam mit den uns zur Verf\u00fcgung\u00a0stehenden Ressourcen um und versuchen ein Gleichgewicht mit der Natur zu finden. Zum\u00a0Beispiel durch die Nutzung erneuerbarer Energien. Tats\u00e4chlich, stellen wir 60% des\u00a0elektrischen Stroms, den wir f\u00fcr unser Weingut ben\u00f6tigen, selbst her. Daf\u00fcr nutzen wir\u00a0Solarzellen, die auf den D\u00e4chern unserer Geb\u00e4ude installiert sind um gleichzeitig keine\u00a0wertvollen B\u00f6den zu blockieren und zu verschwenden.<\/p>\n<p>&nbsp;<\/p>\n<p>&nbsp;<\/p>\n","protected":false},"excerpt":{"rendered":"<p>&nbsp; LeidenschaftSeit \u00fcber 20 Jahren betreiben wir mit gro\u00dfer Hingabe diese Landwirtschaft, dabei haben wir unser Augenmerk stets auf die Natur und ihre Fr\u00fcchte gerichtet. Die Pflege und den Anbau der Oliven und Weinreben verfolgen wir mit famili\u00e4ren Engagement. Die Trauben werden\u00a0ausschlie\u00dflich von Hand gelesen. GebietWir glauben fest an die Gemeinschaftsarbeit und den Aufstieg unserer &hellip;<\/p>\n","protected":false},"author":8,"featured_media":0,"parent":726,"menu_order":0,"comment_status":"closed","ping_status":"closed","template":"","meta":{"_acf_changed":false,"footnotes":""},"class_list":["post-727","page","type-page","status-publish","hentry"],"acf":[],"yoast_head":"<!-- This site is optimized with the Yoast SEO plugin v27.3 - https:\/\/yoast.com\/product\/yoast-seo-wordpress\/ -->\n<title>Philosophie - Rigolivini<\/title>\n<meta name=\"description\" content=\"Azienda agricola della Val di Cornia.\" \/>\n<meta name=\"robots\" content=\"index, follow, max-snippet:-1, max-image-preview:large, max-video-preview:-1\" \/>\n<link rel=\"canonical\" href=\"https:\/\/rigolivini.com\/de\/die-azienda\/philosophie\/\" \/>\n<meta property=\"og:locale\" content=\"de_DE\" \/>\n<meta property=\"og:type\" content=\"article\" \/>\n<meta property=\"og:title\" content=\"Philosophie - Rigolivini\" \/>\n<meta property=\"og:description\" content=\"Azienda agricola della Val di Cornia.\" \/>\n<meta property=\"og:url\" content=\"https:\/\/rigolivini.com\/de\/die-azienda\/philosophie\/\" \/>\n<meta property=\"og:site_name\" content=\"Rigolivini\" \/>\n<meta property=\"og:image\" content=\"https:\/\/rigolivini.com\/_mamawp\/wp-content\/uploads\/2016\/01\/passione2.png\" \/>\n<meta name=\"twitter:card\" content=\"summary_large_image\" \/>\n<meta name=\"twitter:label1\" content=\"Gesch\u00e4tzte Lesezeit\" \/>\n\t<meta name=\"twitter:data1\" content=\"1\u00a0Minute\" \/>\n<script type=\"application\/ld+json\" class=\"yoast-schema-graph\">{\"@context\":\"https:\\\/\\\/schema.org\",\"@graph\":[{\"@type\":\"WebPage\",\"@id\":\"https:\\\/\\\/rigolivini.com\\\/de\\\/die-azienda\\\/philosophie\\\/\",\"url\":\"https:\\\/\\\/rigolivini.com\\\/de\\\/die-azienda\\\/philosophie\\\/\",\"name\":\"Philosophie - Rigolivini\",\"isPartOf\":{\"@id\":\"https:\\\/\\\/rigolivini.com\\\/de\\\/#website\"},\"primaryImageOfPage\":{\"@id\":\"https:\\\/\\\/rigolivini.com\\\/de\\\/die-azienda\\\/philosophie\\\/#primaryimage\"},\"image\":{\"@id\":\"https:\\\/\\\/rigolivini.com\\\/de\\\/die-azienda\\\/philosophie\\\/#primaryimage\"},\"thumbnailUrl\":\"https:\\\/\\\/rigolivini.com\\\/_mamawp\\\/wp-content\\\/uploads\\\/2016\\\/01\\\/passione2.png\",\"datePublished\":\"2017-03-23T08:03:53+00:00\",\"description\":\"Azienda agricola della Val di Cornia.\",\"breadcrumb\":{\"@id\":\"https:\\\/\\\/rigolivini.com\\\/de\\\/die-azienda\\\/philosophie\\\/#breadcrumb\"},\"inLanguage\":\"de\",\"potentialAction\":[{\"@type\":\"ReadAction\",\"target\":[\"https:\\\/\\\/rigolivini.com\\\/de\\\/die-azienda\\\/philosophie\\\/\"]}]},{\"@type\":\"ImageObject\",\"inLanguage\":\"de\",\"@id\":\"https:\\\/\\\/rigolivini.com\\\/de\\\/die-azienda\\\/philosophie\\\/#primaryimage\",\"url\":\"https:\\\/\\\/rigolivini.com\\\/_mamawp\\\/wp-content\\\/uploads\\\/2016\\\/01\\\/passione2.png\",\"contentUrl\":\"https:\\\/\\\/rigolivini.com\\\/_mamawp\\\/wp-content\\\/uploads\\\/2016\\\/01\\\/passione2.png\"},{\"@type\":\"BreadcrumbList\",\"@id\":\"https:\\\/\\\/rigolivini.com\\\/de\\\/die-azienda\\\/philosophie\\\/#breadcrumb\",\"itemListElement\":[{\"@type\":\"ListItem\",\"position\":1,\"name\":\"Das Weingut\",\"item\":\"https:\\\/\\\/rigolivini.com\\\/de\\\/die-azienda\\\/\"},{\"@type\":\"ListItem\",\"position\":2,\"name\":\"Philosophie\"}]},{\"@type\":\"WebSite\",\"@id\":\"https:\\\/\\\/rigolivini.com\\\/de\\\/#website\",\"url\":\"https:\\\/\\\/rigolivini.com\\\/de\\\/\",\"name\":\"Rigolivini\",\"description\":\"Azienda agricola della Val di Cornia.\",\"publisher\":{\"@id\":\"https:\\\/\\\/rigolivini.com\\\/de\\\/#organization\"},\"potentialAction\":[{\"@type\":\"SearchAction\",\"target\":{\"@type\":\"EntryPoint\",\"urlTemplate\":\"https:\\\/\\\/rigolivini.com\\\/de\\\/?s={search_term_string}\"},\"query-input\":{\"@type\":\"PropertyValueSpecification\",\"valueRequired\":true,\"valueName\":\"search_term_string\"}}],\"inLanguage\":\"de\"},{\"@type\":\"Organization\",\"@id\":\"https:\\\/\\\/rigolivini.com\\\/de\\\/#organization\",\"name\":\"Rigolivini\",\"url\":\"https:\\\/\\\/rigolivini.com\\\/de\\\/\",\"logo\":{\"@type\":\"ImageObject\",\"inLanguage\":\"de\",\"@id\":\"https:\\\/\\\/rigolivini.com\\\/de\\\/#\\\/schema\\\/logo\\\/image\\\/\",\"url\":\"https:\\\/\\\/rigolivini.com\\\/_mamawp\\\/wp-content\\\/uploads\\\/2022\\\/08\\\/logox2.png\",\"contentUrl\":\"https:\\\/\\\/rigolivini.com\\\/_mamawp\\\/wp-content\\\/uploads\\\/2022\\\/08\\\/logox2.png\",\"width\":286,\"height\":390,\"caption\":\"Rigolivini\"},\"image\":{\"@id\":\"https:\\\/\\\/rigolivini.com\\\/de\\\/#\\\/schema\\\/logo\\\/image\\\/\"}}]}<\/script>\n<!-- \/ Yoast SEO plugin. -->","yoast_head_json":{"title":"Philosophie - Rigolivini","description":"Azienda agricola della Val di Cornia.","robots":{"index":"index","follow":"follow","max-snippet":"max-snippet:-1","max-image-preview":"max-image-preview:large","max-video-preview":"max-video-preview:-1"},"canonical":"https:\/\/rigolivini.com\/de\/die-azienda\/philosophie\/","og_locale":"de_DE","og_type":"article","og_title":"Philosophie - Rigolivini","og_description":"Azienda agricola della Val di Cornia.","og_url":"https:\/\/rigolivini.com\/de\/die-azienda\/philosophie\/","og_site_name":"Rigolivini","og_image":[{"url":"https:\/\/rigolivini.com\/_mamawp\/wp-content\/uploads\/2016\/01\/passione2.png","type":"","width":"","height":""}],"twitter_card":"summary_large_image","twitter_misc":{"Gesch\u00e4tzte Lesezeit":"1\u00a0Minute"},"schema":{"@context":"https:\/\/schema.org","@graph":[{"@type":"WebPage","@id":"https:\/\/rigolivini.com\/de\/die-azienda\/philosophie\/","url":"https:\/\/rigolivini.com\/de\/die-azienda\/philosophie\/","name":"Philosophie - Rigolivini","isPartOf":{"@id":"https:\/\/rigolivini.com\/de\/#website"},"primaryImageOfPage":{"@id":"https:\/\/rigolivini.com\/de\/die-azienda\/philosophie\/#primaryimage"},"image":{"@id":"https:\/\/rigolivini.com\/de\/die-azienda\/philosophie\/#primaryimage"},"thumbnailUrl":"https:\/\/rigolivini.com\/_mamawp\/wp-content\/uploads\/2016\/01\/passione2.png","datePublished":"2017-03-23T08:03:53+00:00","description":"Azienda agricola della Val di Cornia.","breadcrumb":{"@id":"https:\/\/rigolivini.com\/de\/die-azienda\/philosophie\/#breadcrumb"},"inLanguage":"de","potentialAction":[{"@type":"ReadAction","target":["https:\/\/rigolivini.com\/de\/die-azienda\/philosophie\/"]}]},{"@type":"ImageObject","inLanguage":"de","@id":"https:\/\/rigolivini.com\/de\/die-azienda\/philosophie\/#primaryimage","url":"https:\/\/rigolivini.com\/_mamawp\/wp-content\/uploads\/2016\/01\/passione2.png","contentUrl":"https:\/\/rigolivini.com\/_mamawp\/wp-content\/uploads\/2016\/01\/passione2.png"},{"@type":"BreadcrumbList","@id":"https:\/\/rigolivini.com\/de\/die-azienda\/philosophie\/#breadcrumb","itemListElement":[{"@type":"ListItem","position":1,"name":"Das Weingut","item":"https:\/\/rigolivini.com\/de\/die-azienda\/"},{"@type":"ListItem","position":2,"name":"Philosophie"}]},{"@type":"WebSite","@id":"https:\/\/rigolivini.com\/de\/#website","url":"https:\/\/rigolivini.com\/de\/","name":"Rigolivini","description":"Azienda agricola della Val di Cornia.","publisher":{"@id":"https:\/\/rigolivini.com\/de\/#organization"},"potentialAction":[{"@type":"SearchAction","target":{"@type":"EntryPoint","urlTemplate":"https:\/\/rigolivini.com\/de\/?s={search_term_string}"},"query-input":{"@type":"PropertyValueSpecification","valueRequired":true,"valueName":"search_term_string"}}],"inLanguage":"de"},{"@type":"Organization","@id":"https:\/\/rigolivini.com\/de\/#organization","name":"Rigolivini","url":"https:\/\/rigolivini.com\/de\/","logo":{"@type":"ImageObject","inLanguage":"de","@id":"https:\/\/rigolivini.com\/de\/#\/schema\/logo\/image\/","url":"https:\/\/rigolivini.com\/_mamawp\/wp-content\/uploads\/2022\/08\/logox2.png","contentUrl":"https:\/\/rigolivini.com\/_mamawp\/wp-content\/uploads\/2022\/08\/logox2.png","width":286,"height":390,"caption":"Rigolivini"},"image":{"@id":"https:\/\/rigolivini.com\/de\/#\/schema\/logo\/image\/"}}]}},"_links":{"self":[{"href":"https:\/\/rigolivini.com\/de\/wp-json\/wp\/v2\/pages\/727","targetHints":{"allow":["GET"]}}],"collection":[{"href":"https:\/\/rigolivini.com\/de\/wp-json\/wp\/v2\/pages"}],"about":[{"href":"https:\/\/rigolivini.com\/de\/wp-json\/wp\/v2\/types\/page"}],"author":[{"embeddable":true,"href":"https:\/\/rigolivini.com\/de\/wp-json\/wp\/v2\/users\/8"}],"replies":[{"embeddable":true,"href":"https:\/\/rigolivini.com\/de\/wp-json\/wp\/v2\/comments?post=727"}],"version-history":[{"count":0,"href":"https:\/\/rigolivini.com\/de\/wp-json\/wp\/v2\/pages\/727\/revisions"}],"up":[{"embeddable":true,"href":"https:\/\/rigolivini.com\/de\/wp-json\/wp\/v2\/pages\/726"}],"wp:attachment":[{"href":"https:\/\/rigolivini.com\/de\/wp-json\/wp\/v2\/media?parent=727"}],"curies":[{"name":"wp","href":"https:\/\/api.w.org\/{rel}","templated":true}]}}