{"id":726,"date":"2017-03-23T09:00:33","date_gmt":"2017-03-23T08:00:33","guid":{"rendered":"https:\/\/rigolivini.com\/?page_id=726"},"modified":"2019-10-09T11:23:15","modified_gmt":"2019-10-09T09:23:15","slug":"die-azienda","status":"publish","type":"page","link":"https:\/\/rigolivini.com\/de\/die-azienda\/","title":{"rendered":"Das Weingut"},"content":{"rendered":"<p><a href=\"https:\/\/rigolivini.com\/_mamawp\/wp-content\/uploads\/2016\/04\/Panoramica_senza-titolo1.jpg\"><img loading=\"lazy\" decoding=\"async\" class=\"alignleft size-full wp-image-294\" src=\"https:\/\/rigolivini.com\/_mamawp\/wp-content\/uploads\/2016\/04\/Panoramica_senza-titolo1.jpg\" alt=\"Panoramica_senza titolo1\" width=\"6769\" height=\"2901\" srcset=\"https:\/\/rigolivini.com\/_mamawp\/wp-content\/uploads\/2016\/04\/Panoramica_senza-titolo1.jpg 6769w, https:\/\/rigolivini.com\/_mamawp\/wp-content\/uploads\/2016\/04\/Panoramica_senza-titolo1-800x343.jpg 800w, https:\/\/rigolivini.com\/_mamawp\/wp-content\/uploads\/2016\/04\/Panoramica_senza-titolo1-1600x686.jpg 1600w, https:\/\/rigolivini.com\/_mamawp\/wp-content\/uploads\/2016\/04\/Panoramica_senza-titolo1-600x257.jpg 600w, https:\/\/rigolivini.com\/_mamawp\/wp-content\/uploads\/2016\/04\/Panoramica_senza-titolo1-550x236.jpg 550w\" sizes=\"auto, (max-width: 6769px) 100vw, 6769px\" \/><\/a><\/p>\n<p>Entlang der Hauptstra\u00dfe nach Suvereto mitten im Val di Cornia findet man bereits die ersten\u00a0Weinberge, die zur Azienda Rigoli geh\u00f6ren.\u00a0Das Gebiet erstreckt sich von den Grenzen der Provinz Livorno und Grosseto bis zum S\u00fcden\u00a0Bolgheris, eingebettet in das Erzgebirge der Alta Maremma. Diese Region ist sowohl\u00a0landschaftlich als auch historisch und arch\u00e4ologisch betrachtet ein au\u00dfergew\u00f6hnliches\u00a0Kulturgut. Dieser seltene Anblick wird bereichert durch die Weinberge, die sich entlang des\u00a0Fu\u00dfes des Monte Calvi erstrecken. Hier haben sich einige wichtige Qualit\u00e4tsweine etabliert,\u00a0die auf der \u00d6l- und Weinstra\u00dfe Costa degli Etruschi zu finden sind. Hierzu geh\u00f6rt auch das\u00a0D.O.C. Val di Cornia.<\/p>\n<hr \/>\n<p><a href=\"https:\/\/rigolivini.com\/_mamawp\/wp-content\/uploads\/2016\/04\/P1070296_1-21.jpg\"><img loading=\"lazy\" decoding=\"async\" class=\"alignleft size-full wp-image-293\" src=\"https:\/\/rigolivini.com\/_mamawp\/wp-content\/uploads\/2016\/04\/P1070296_1-21.jpg\" alt=\"P1070296_1-21\" width=\"1500\" height=\"642\" srcset=\"https:\/\/rigolivini.com\/_mamawp\/wp-content\/uploads\/2016\/04\/P1070296_1-21.jpg 1500w, https:\/\/rigolivini.com\/_mamawp\/wp-content\/uploads\/2016\/04\/P1070296_1-21-800x342.jpg 800w, https:\/\/rigolivini.com\/_mamawp\/wp-content\/uploads\/2016\/04\/P1070296_1-21-600x257.jpg 600w, https:\/\/rigolivini.com\/_mamawp\/wp-content\/uploads\/2016\/04\/P1070296_1-21-550x235.jpg 550w\" sizes=\"auto, (max-width: 1500px) 100vw, 1500px\" \/><\/a><\/p>\n<p>Die Azienda Rigoli f\u00fcgt sich nahtlos in diesen Kontext ein. Schon in den 60er und 70er Jahren\u00a0wurde auf der Azienda f\u00fcr den privaten Konsum Wein hergestellt. In den 80er Jahren begann\u00a0unsere Familie ihre Produktion stetig zu verbessern um den hohen Standard der D.O.C.\u00a0Weine des Val di Cornia zu erreichen. Ende der 90er Jahren wurde das Weingut um einige\u00a0Felder vergr\u00f6\u00dfert und die einheimischen Reben \u2013Sangiovese und Ansonica\u2013 um vier Sorten\u00a0erweitert: Cabernet Franc, Cabernet Sauvignon, Merlot und Vermentino.<\/p>\n<hr \/>\n<p>Heute bewirtschaften wir insgesamt sieben Hektar Wein und zwei Hektar Olivenhaine. Die\u00a0Weinberge liegen in S\u00fcdlage am Fu\u00dfe einer H\u00fcgelreihe gesch\u00fctzt durch das am Gipfel\u00a0wuchernde mediterrane Dickicht. Ein trockenes Mikroklima, mild im Winter und\u00a0sonnendurchflutet im Sommer. Ein perfektes Klima f\u00fcr den optimalen Reifeprozess der\u00a0Trauben.<\/p>\n<p><a href=\"https:\/\/rigolivini.com\/_mamawp\/wp-content\/uploads\/2016\/04\/098.jpg\"><img loading=\"lazy\" decoding=\"async\" class=\"alignright  wp-image-241\" src=\"https:\/\/rigolivini.com\/_mamawp\/wp-content\/uploads\/2016\/04\/098-800x800.jpg\" alt=\"098\" width=\"233\" height=\"232\" srcset=\"https:\/\/rigolivini.com\/_mamawp\/wp-content\/uploads\/2016\/04\/098-800x800.jpg 800w, https:\/\/rigolivini.com\/_mamawp\/wp-content\/uploads\/2016\/04\/098-150x150.jpg 150w, https:\/\/rigolivini.com\/_mamawp\/wp-content\/uploads\/2016\/04\/098-1600x1600.jpg 1600w, https:\/\/rigolivini.com\/_mamawp\/wp-content\/uploads\/2016\/04\/098-600x600.jpg 600w, https:\/\/rigolivini.com\/_mamawp\/wp-content\/uploads\/2016\/04\/098-500x500.jpg 500w, https:\/\/rigolivini.com\/_mamawp\/wp-content\/uploads\/2016\/04\/098-550x550.jpg 550w\" sizes=\"auto, (max-width: 233px) 100vw, 233px\" \/><\/a><a href=\"https:\/\/rigolivini.com\/_mamawp\/wp-content\/uploads\/2016\/04\/Appassimento-uve-Rigoli-a_copy.jpg\"><img loading=\"lazy\" decoding=\"async\" class=\"alignright  wp-image-240\" src=\"https:\/\/rigolivini.com\/_mamawp\/wp-content\/uploads\/2016\/04\/Appassimento-uve-Rigoli-a_copy.jpg\" alt=\"Appassimento uve Rigoli a_copy\" width=\"236\" height=\"238\" \/><\/a><\/p>\n<p>Nichts als beneiden kann man unsere Pflanzen die in dieser wunderbaren Erde gedeihen.Allein deshalb verm\u00f6gen unsere Weine einen bemerkenswerten Charakter zu entwickeln.<\/p>\n<p>Wir arbeiten eng mit unserem \u00d6nologe Leonardo Conti von der Matura Gruppe zusammen. J\u00e4hrlich f\u00fcllen wir rund 30.000 Flaschen Wein ab. Zu unseren Produkten geh\u00f6ren dar\u00fcber\u00a0hinaus Oliven\u00f6l Extra Nativ und Honig.<\/p>\n<p>&nbsp;<\/p>\n<p><iframe loading=\"lazy\" title=\"Azienda Rigoli: un po&#039; di noi\" width=\"640\" height=\"360\" src=\"https:\/\/www.youtube.com\/embed\/L8uvegWqjes?feature=oembed\" frameborder=\"0\" allow=\"accelerometer; autoplay; clipboard-write; encrypted-media; gyroscope; picture-in-picture; web-share\" referrerpolicy=\"strict-origin-when-cross-origin\" allowfullscreen><\/iframe><\/p>\n<p>&nbsp;<\/p>\n","protected":false},"excerpt":{"rendered":"<p>Entlang der Hauptstra\u00dfe nach Suvereto mitten im Val di Cornia findet man bereits die ersten\u00a0Weinberge, die zur Azienda Rigoli geh\u00f6ren.\u00a0Das Gebiet erstreckt sich von den Grenzen der Provinz Livorno und Grosseto bis zum S\u00fcden\u00a0Bolgheris, eingebettet in das Erzgebirge der Alta Maremma. Diese Region ist sowohl\u00a0landschaftlich als auch historisch und arch\u00e4ologisch betrachtet ein au\u00dfergew\u00f6hnliches\u00a0Kulturgut. Dieser seltene &hellip;<\/p>\n","protected":false},"author":8,"featured_media":1563,"parent":0,"menu_order":0,"comment_status":"closed","ping_status":"closed","template":"","meta":{"_acf_changed":false,"footnotes":""},"class_list":["post-726","page","type-page","status-publish","has-post-thumbnail","hentry"],"acf":[],"yoast_head":"<!-- This site is optimized with the Yoast SEO plugin v27.3 - https:\/\/yoast.com\/product\/yoast-seo-wordpress\/ -->\n<title>Das Weingut - Rigolivini<\/title>\n<meta name=\"description\" content=\"Azienda agricola della Val di Cornia.\" \/>\n<meta name=\"robots\" content=\"index, follow, max-snippet:-1, max-image-preview:large, max-video-preview:-1\" \/>\n<link rel=\"canonical\" href=\"https:\/\/rigolivini.com\/de\/die-azienda\/\" \/>\n<meta property=\"og:locale\" content=\"de_DE\" \/>\n<meta property=\"og:type\" content=\"article\" \/>\n<meta property=\"og:title\" content=\"Das Weingut - Rigolivini\" \/>\n<meta property=\"og:description\" content=\"Azienda agricola della Val di Cornia.\" \/>\n<meta property=\"og:url\" content=\"https:\/\/rigolivini.com\/de\/die-azienda\/\" \/>\n<meta property=\"og:site_name\" content=\"Rigolivini\" \/>\n<meta property=\"article:modified_time\" content=\"2019-10-09T09:23:15+00:00\" \/>\n<meta property=\"og:image\" content=\"https:\/\/rigolivini.com\/_mamawp\/wp-content\/uploads\/2016\/04\/copertina-pagina-azienda-.jpg\" \/>\n\t<meta property=\"og:image:width\" content=\"1688\" \/>\n\t<meta property=\"og:image:height\" content=\"1125\" \/>\n\t<meta property=\"og:image:type\" content=\"image\/jpeg\" \/>\n<meta name=\"twitter:card\" content=\"summary_large_image\" \/>\n<meta name=\"twitter:label1\" content=\"Gesch\u00e4tzte Lesezeit\" \/>\n\t<meta name=\"twitter:data1\" content=\"2\u00a0Minuten\" \/>\n<script type=\"application\/ld+json\" class=\"yoast-schema-graph\">{\"@context\":\"https:\\\/\\\/schema.org\",\"@graph\":[{\"@type\":\"WebPage\",\"@id\":\"https:\\\/\\\/rigolivini.com\\\/de\\\/die-azienda\\\/\",\"url\":\"https:\\\/\\\/rigolivini.com\\\/de\\\/die-azienda\\\/\",\"name\":\"Das Weingut - Rigolivini\",\"isPartOf\":{\"@id\":\"https:\\\/\\\/rigolivini.com\\\/de\\\/#website\"},\"primaryImageOfPage\":{\"@id\":\"https:\\\/\\\/rigolivini.com\\\/de\\\/die-azienda\\\/#primaryimage\"},\"image\":{\"@id\":\"https:\\\/\\\/rigolivini.com\\\/de\\\/die-azienda\\\/#primaryimage\"},\"thumbnailUrl\":\"https:\\\/\\\/rigolivini.com\\\/_mamawp\\\/wp-content\\\/uploads\\\/2016\\\/04\\\/copertina-pagina-azienda-.jpg\",\"datePublished\":\"2017-03-23T08:00:33+00:00\",\"dateModified\":\"2019-10-09T09:23:15+00:00\",\"description\":\"Azienda agricola della Val di Cornia.\",\"inLanguage\":\"de\",\"potentialAction\":[{\"@type\":\"ReadAction\",\"target\":[\"https:\\\/\\\/rigolivini.com\\\/de\\\/die-azienda\\\/\"]}]},{\"@type\":\"ImageObject\",\"inLanguage\":\"de\",\"@id\":\"https:\\\/\\\/rigolivini.com\\\/de\\\/die-azienda\\\/#primaryimage\",\"url\":\"https:\\\/\\\/rigolivini.com\\\/_mamawp\\\/wp-content\\\/uploads\\\/2016\\\/04\\\/copertina-pagina-azienda-.jpg\",\"contentUrl\":\"https:\\\/\\\/rigolivini.com\\\/_mamawp\\\/wp-content\\\/uploads\\\/2016\\\/04\\\/copertina-pagina-azienda-.jpg\",\"width\":1688,\"height\":1125},{\"@type\":\"WebSite\",\"@id\":\"https:\\\/\\\/rigolivini.com\\\/de\\\/#website\",\"url\":\"https:\\\/\\\/rigolivini.com\\\/de\\\/\",\"name\":\"Rigolivini\",\"description\":\"Azienda agricola della Val di Cornia.\",\"publisher\":{\"@id\":\"https:\\\/\\\/rigolivini.com\\\/de\\\/#organization\"},\"potentialAction\":[{\"@type\":\"SearchAction\",\"target\":{\"@type\":\"EntryPoint\",\"urlTemplate\":\"https:\\\/\\\/rigolivini.com\\\/de\\\/?s={search_term_string}\"},\"query-input\":{\"@type\":\"PropertyValueSpecification\",\"valueRequired\":true,\"valueName\":\"search_term_string\"}}],\"inLanguage\":\"de\"},{\"@type\":\"Organization\",\"@id\":\"https:\\\/\\\/rigolivini.com\\\/de\\\/#organization\",\"name\":\"Rigolivini\",\"url\":\"https:\\\/\\\/rigolivini.com\\\/de\\\/\",\"logo\":{\"@type\":\"ImageObject\",\"inLanguage\":\"de\",\"@id\":\"https:\\\/\\\/rigolivini.com\\\/de\\\/#\\\/schema\\\/logo\\\/image\\\/\",\"url\":\"https:\\\/\\\/rigolivini.com\\\/_mamawp\\\/wp-content\\\/uploads\\\/2022\\\/08\\\/logox2.png\",\"contentUrl\":\"https:\\\/\\\/rigolivini.com\\\/_mamawp\\\/wp-content\\\/uploads\\\/2022\\\/08\\\/logox2.png\",\"width\":286,\"height\":390,\"caption\":\"Rigolivini\"},\"image\":{\"@id\":\"https:\\\/\\\/rigolivini.com\\\/de\\\/#\\\/schema\\\/logo\\\/image\\\/\"}}]}<\/script>\n<!-- \/ Yoast SEO plugin. -->","yoast_head_json":{"title":"Das Weingut - Rigolivini","description":"Azienda agricola della Val di Cornia.","robots":{"index":"index","follow":"follow","max-snippet":"max-snippet:-1","max-image-preview":"max-image-preview:large","max-video-preview":"max-video-preview:-1"},"canonical":"https:\/\/rigolivini.com\/de\/die-azienda\/","og_locale":"de_DE","og_type":"article","og_title":"Das Weingut - Rigolivini","og_description":"Azienda agricola della Val di Cornia.","og_url":"https:\/\/rigolivini.com\/de\/die-azienda\/","og_site_name":"Rigolivini","article_modified_time":"2019-10-09T09:23:15+00:00","og_image":[{"width":1688,"height":1125,"url":"https:\/\/rigolivini.com\/_mamawp\/wp-content\/uploads\/2016\/04\/copertina-pagina-azienda-.jpg","type":"image\/jpeg"}],"twitter_card":"summary_large_image","twitter_misc":{"Gesch\u00e4tzte Lesezeit":"2\u00a0Minuten"},"schema":{"@context":"https:\/\/schema.org","@graph":[{"@type":"WebPage","@id":"https:\/\/rigolivini.com\/de\/die-azienda\/","url":"https:\/\/rigolivini.com\/de\/die-azienda\/","name":"Das Weingut - Rigolivini","isPartOf":{"@id":"https:\/\/rigolivini.com\/de\/#website"},"primaryImageOfPage":{"@id":"https:\/\/rigolivini.com\/de\/die-azienda\/#primaryimage"},"image":{"@id":"https:\/\/rigolivini.com\/de\/die-azienda\/#primaryimage"},"thumbnailUrl":"https:\/\/rigolivini.com\/_mamawp\/wp-content\/uploads\/2016\/04\/copertina-pagina-azienda-.jpg","datePublished":"2017-03-23T08:00:33+00:00","dateModified":"2019-10-09T09:23:15+00:00","description":"Azienda agricola della Val di Cornia.","inLanguage":"de","potentialAction":[{"@type":"ReadAction","target":["https:\/\/rigolivini.com\/de\/die-azienda\/"]}]},{"@type":"ImageObject","inLanguage":"de","@id":"https:\/\/rigolivini.com\/de\/die-azienda\/#primaryimage","url":"https:\/\/rigolivini.com\/_mamawp\/wp-content\/uploads\/2016\/04\/copertina-pagina-azienda-.jpg","contentUrl":"https:\/\/rigolivini.com\/_mamawp\/wp-content\/uploads\/2016\/04\/copertina-pagina-azienda-.jpg","width":1688,"height":1125},{"@type":"WebSite","@id":"https:\/\/rigolivini.com\/de\/#website","url":"https:\/\/rigolivini.com\/de\/","name":"Rigolivini","description":"Azienda agricola della Val di Cornia.","publisher":{"@id":"https:\/\/rigolivini.com\/de\/#organization"},"potentialAction":[{"@type":"SearchAction","target":{"@type":"EntryPoint","urlTemplate":"https:\/\/rigolivini.com\/de\/?s={search_term_string}"},"query-input":{"@type":"PropertyValueSpecification","valueRequired":true,"valueName":"search_term_string"}}],"inLanguage":"de"},{"@type":"Organization","@id":"https:\/\/rigolivini.com\/de\/#organization","name":"Rigolivini","url":"https:\/\/rigolivini.com\/de\/","logo":{"@type":"ImageObject","inLanguage":"de","@id":"https:\/\/rigolivini.com\/de\/#\/schema\/logo\/image\/","url":"https:\/\/rigolivini.com\/_mamawp\/wp-content\/uploads\/2022\/08\/logox2.png","contentUrl":"https:\/\/rigolivini.com\/_mamawp\/wp-content\/uploads\/2022\/08\/logox2.png","width":286,"height":390,"caption":"Rigolivini"},"image":{"@id":"https:\/\/rigolivini.com\/de\/#\/schema\/logo\/image\/"}}]}},"_links":{"self":[{"href":"https:\/\/rigolivini.com\/de\/wp-json\/wp\/v2\/pages\/726","targetHints":{"allow":["GET"]}}],"collection":[{"href":"https:\/\/rigolivini.com\/de\/wp-json\/wp\/v2\/pages"}],"about":[{"href":"https:\/\/rigolivini.com\/de\/wp-json\/wp\/v2\/types\/page"}],"author":[{"embeddable":true,"href":"https:\/\/rigolivini.com\/de\/wp-json\/wp\/v2\/users\/8"}],"replies":[{"embeddable":true,"href":"https:\/\/rigolivini.com\/de\/wp-json\/wp\/v2\/comments?post=726"}],"version-history":[{"count":0,"href":"https:\/\/rigolivini.com\/de\/wp-json\/wp\/v2\/pages\/726\/revisions"}],"wp:featuredmedia":[{"embeddable":true,"href":"https:\/\/rigolivini.com\/de\/wp-json\/wp\/v2\/media\/1563"}],"wp:attachment":[{"href":"https:\/\/rigolivini.com\/de\/wp-json\/wp\/v2\/media?parent=726"}],"curies":[{"name":"wp","href":"https:\/\/api.w.org\/{rel}","templated":true}]}}