{"id":611,"date":"2016-01-06T11:02:21","date_gmt":"2016-01-06T10:02:21","guid":{"rendered":"https:\/\/rigolivini.com\/?page_id=611"},"modified":"2019-10-09T11:17:50","modified_gmt":"2019-10-09T09:17:50","slug":"home","status":"publish","type":"page","link":"https:\/\/rigolivini.com\/de\/","title":{"rendered":"Home"},"content":{"rendered":"<p><style>\n.block-item-post.bcp-block-item-page.have-border.grid.bw-f.w-2-4 p{\ndisplay:none;\n} <\/p>\n<\/style>\n<p class=\"Text\"><span lang=\"DE\">Die Azienda Rigoli befindet sich im Val di Cornia, zwischen Bolgheri und dem toskanischen Erzgebirge (Colline Metallifere) der Alta Maremma. Seit 1992 produzieren wir Wein bester Qualit\u00e4t aus den einheimischen Reben, wie Sangiovese, Vermentino und Ansonica. Zu diesen Sorten kommen sorgf\u00e4ltig ausgesuchte \u00fcberregionale Reben wie Merlot, Cabernet Franc und Cabernet Sauvignon. Unsere Weine erz\u00e4hlen eine Geschichte. Eine Geschichte \u00fcber ein Land, das neben der Weinberge auch eine Jahrhunderte alte Tradition im Anbau toskanischer Oliven pflegt.<\/span><\/p>\n","protected":false},"excerpt":{"rendered":"<p>Die Azienda Rigoli befindet sich im Val di Cornia, zwischen Bolgheri und dem toskanischen Erzgebirge (Colline Metallifere) der Alta Maremma. Seit 1992 produzieren wir Wein bester Qualit\u00e4t aus den einheimischen Reben, wie Sangiovese, Vermentino und Ansonica. Zu diesen Sorten kommen sorgf\u00e4ltig ausgesuchte \u00fcberregionale Reben wie Merlot, Cabernet Franc und Cabernet Sauvignon. Unsere Weine erz\u00e4hlen eine &hellip;<\/p>\n","protected":false},"author":1,"featured_media":1563,"parent":0,"menu_order":0,"comment_status":"closed","ping_status":"closed","template":"","meta":{"_acf_changed":false,"footnotes":""},"class_list":["post-611","page","type-page","status-publish","has-post-thumbnail","hentry"],"acf":[],"yoast_head":"<!-- This site is optimized with the Yoast SEO plugin v27.3 - https:\/\/yoast.com\/product\/yoast-seo-wordpress\/ -->\n<title>Rigolivini - Azienda Vinicola Toscana<\/title>\n<meta name=\"description\" content=\"L&#039;azienda Rigoli, situata in Val di Cornia, tra le terre di Bolgheri e le colline metallifere dell&#039;alta Maremma, dal 1992 produce vini di alta qualit\u00e0\" \/>\n<meta name=\"robots\" content=\"index, follow, max-snippet:-1, max-image-preview:large, max-video-preview:-1\" \/>\n<link rel=\"canonical\" href=\"https:\/\/rigolivini.com\/de\/\" \/>\n<meta property=\"og:locale\" content=\"de_DE\" \/>\n<meta property=\"og:type\" content=\"article\" \/>\n<meta property=\"og:title\" content=\"Rigolivini - Azienda Vinicola Toscana\" \/>\n<meta property=\"og:description\" content=\"L&#039;azienda Rigoli, situata in Val di Cornia, tra le terre di Bolgheri e le colline metallifere dell&#039;alta Maremma, dal 1992 produce vini di alta qualit\u00e0\" \/>\n<meta property=\"og:url\" content=\"https:\/\/rigolivini.com\/de\/\" \/>\n<meta property=\"og:site_name\" content=\"Rigolivini\" \/>\n<meta property=\"article:modified_time\" content=\"2019-10-09T09:17:50+00:00\" \/>\n<meta property=\"og:image\" content=\"https:\/\/rigolivini.com\/_mamawp\/wp-content\/uploads\/2016\/04\/copertina-pagina-azienda-.jpg\" \/>\n\t<meta property=\"og:image:width\" content=\"1688\" \/>\n\t<meta property=\"og:image:height\" content=\"1125\" \/>\n\t<meta property=\"og:image:type\" content=\"image\/jpeg\" \/>\n<meta name=\"twitter:card\" content=\"summary_large_image\" \/>\n<script type=\"application\/ld+json\" class=\"yoast-schema-graph\">{\"@context\":\"https:\\\/\\\/schema.org\",\"@graph\":[{\"@type\":\"WebPage\",\"@id\":\"https:\\\/\\\/rigolivini.com\\\/de\\\/\",\"url\":\"https:\\\/\\\/rigolivini.com\\\/de\\\/\",\"name\":\"Rigolivini - Azienda Vinicola Toscana\",\"isPartOf\":{\"@id\":\"https:\\\/\\\/rigolivini.com\\\/de\\\/#website\"},\"primaryImageOfPage\":{\"@id\":\"https:\\\/\\\/rigolivini.com\\\/de\\\/#primaryimage\"},\"image\":{\"@id\":\"https:\\\/\\\/rigolivini.com\\\/de\\\/#primaryimage\"},\"thumbnailUrl\":\"https:\\\/\\\/rigolivini.com\\\/_mamawp\\\/wp-content\\\/uploads\\\/2016\\\/04\\\/copertina-pagina-azienda-.jpg\",\"datePublished\":\"2016-01-06T10:02:21+00:00\",\"dateModified\":\"2019-10-09T09:17:50+00:00\",\"description\":\"L'azienda Rigoli, situata in Val di Cornia, tra le terre di Bolgheri e le colline metallifere dell'alta Maremma, dal 1992 produce vini di alta qualit\u00e0\",\"inLanguage\":\"de\",\"potentialAction\":[{\"@type\":\"ReadAction\",\"target\":[\"https:\\\/\\\/rigolivini.com\\\/de\\\/\"]}]},{\"@type\":\"ImageObject\",\"inLanguage\":\"de\",\"@id\":\"https:\\\/\\\/rigolivini.com\\\/de\\\/#primaryimage\",\"url\":\"https:\\\/\\\/rigolivini.com\\\/_mamawp\\\/wp-content\\\/uploads\\\/2016\\\/04\\\/copertina-pagina-azienda-.jpg\",\"contentUrl\":\"https:\\\/\\\/rigolivini.com\\\/_mamawp\\\/wp-content\\\/uploads\\\/2016\\\/04\\\/copertina-pagina-azienda-.jpg\",\"width\":1688,\"height\":1125},{\"@type\":\"WebSite\",\"@id\":\"https:\\\/\\\/rigolivini.com\\\/de\\\/#website\",\"url\":\"https:\\\/\\\/rigolivini.com\\\/de\\\/\",\"name\":\"Rigolivini\",\"description\":\"Azienda agricola della Val di Cornia.\",\"publisher\":{\"@id\":\"https:\\\/\\\/rigolivini.com\\\/de\\\/#organization\"},\"potentialAction\":[{\"@type\":\"SearchAction\",\"target\":{\"@type\":\"EntryPoint\",\"urlTemplate\":\"https:\\\/\\\/rigolivini.com\\\/de\\\/?s={search_term_string}\"},\"query-input\":{\"@type\":\"PropertyValueSpecification\",\"valueRequired\":true,\"valueName\":\"search_term_string\"}}],\"inLanguage\":\"de\"},{\"@type\":\"Organization\",\"@id\":\"https:\\\/\\\/rigolivini.com\\\/de\\\/#organization\",\"name\":\"Rigolivini\",\"url\":\"https:\\\/\\\/rigolivini.com\\\/de\\\/\",\"logo\":{\"@type\":\"ImageObject\",\"inLanguage\":\"de\",\"@id\":\"https:\\\/\\\/rigolivini.com\\\/de\\\/#\\\/schema\\\/logo\\\/image\\\/\",\"url\":\"https:\\\/\\\/rigolivini.com\\\/_mamawp\\\/wp-content\\\/uploads\\\/2022\\\/08\\\/logox2.png\",\"contentUrl\":\"https:\\\/\\\/rigolivini.com\\\/_mamawp\\\/wp-content\\\/uploads\\\/2022\\\/08\\\/logox2.png\",\"width\":286,\"height\":390,\"caption\":\"Rigolivini\"},\"image\":{\"@id\":\"https:\\\/\\\/rigolivini.com\\\/de\\\/#\\\/schema\\\/logo\\\/image\\\/\"}}]}<\/script>\n<!-- \/ Yoast SEO plugin. -->","yoast_head_json":{"title":"Rigolivini - Azienda Vinicola Toscana","description":"L'azienda Rigoli, situata in Val di Cornia, tra le terre di Bolgheri e le colline metallifere dell'alta Maremma, dal 1992 produce vini di alta qualit\u00e0","robots":{"index":"index","follow":"follow","max-snippet":"max-snippet:-1","max-image-preview":"max-image-preview:large","max-video-preview":"max-video-preview:-1"},"canonical":"https:\/\/rigolivini.com\/de\/","og_locale":"de_DE","og_type":"article","og_title":"Rigolivini - Azienda Vinicola Toscana","og_description":"L'azienda Rigoli, situata in Val di Cornia, tra le terre di Bolgheri e le colline metallifere dell'alta Maremma, dal 1992 produce vini di alta qualit\u00e0","og_url":"https:\/\/rigolivini.com\/de\/","og_site_name":"Rigolivini","article_modified_time":"2019-10-09T09:17:50+00:00","og_image":[{"width":1688,"height":1125,"url":"https:\/\/rigolivini.com\/_mamawp\/wp-content\/uploads\/2016\/04\/copertina-pagina-azienda-.jpg","type":"image\/jpeg"}],"twitter_card":"summary_large_image","schema":{"@context":"https:\/\/schema.org","@graph":[{"@type":"WebPage","@id":"https:\/\/rigolivini.com\/de\/","url":"https:\/\/rigolivini.com\/de\/","name":"Rigolivini - Azienda Vinicola Toscana","isPartOf":{"@id":"https:\/\/rigolivini.com\/de\/#website"},"primaryImageOfPage":{"@id":"https:\/\/rigolivini.com\/de\/#primaryimage"},"image":{"@id":"https:\/\/rigolivini.com\/de\/#primaryimage"},"thumbnailUrl":"https:\/\/rigolivini.com\/_mamawp\/wp-content\/uploads\/2016\/04\/copertina-pagina-azienda-.jpg","datePublished":"2016-01-06T10:02:21+00:00","dateModified":"2019-10-09T09:17:50+00:00","description":"L'azienda Rigoli, situata in Val di Cornia, tra le terre di Bolgheri e le colline metallifere dell'alta Maremma, dal 1992 produce vini di alta qualit\u00e0","inLanguage":"de","potentialAction":[{"@type":"ReadAction","target":["https:\/\/rigolivini.com\/de\/"]}]},{"@type":"ImageObject","inLanguage":"de","@id":"https:\/\/rigolivini.com\/de\/#primaryimage","url":"https:\/\/rigolivini.com\/_mamawp\/wp-content\/uploads\/2016\/04\/copertina-pagina-azienda-.jpg","contentUrl":"https:\/\/rigolivini.com\/_mamawp\/wp-content\/uploads\/2016\/04\/copertina-pagina-azienda-.jpg","width":1688,"height":1125},{"@type":"WebSite","@id":"https:\/\/rigolivini.com\/de\/#website","url":"https:\/\/rigolivini.com\/de\/","name":"Rigolivini","description":"Azienda agricola della Val di Cornia.","publisher":{"@id":"https:\/\/rigolivini.com\/de\/#organization"},"potentialAction":[{"@type":"SearchAction","target":{"@type":"EntryPoint","urlTemplate":"https:\/\/rigolivini.com\/de\/?s={search_term_string}"},"query-input":{"@type":"PropertyValueSpecification","valueRequired":true,"valueName":"search_term_string"}}],"inLanguage":"de"},{"@type":"Organization","@id":"https:\/\/rigolivini.com\/de\/#organization","name":"Rigolivini","url":"https:\/\/rigolivini.com\/de\/","logo":{"@type":"ImageObject","inLanguage":"de","@id":"https:\/\/rigolivini.com\/de\/#\/schema\/logo\/image\/","url":"https:\/\/rigolivini.com\/_mamawp\/wp-content\/uploads\/2022\/08\/logox2.png","contentUrl":"https:\/\/rigolivini.com\/_mamawp\/wp-content\/uploads\/2022\/08\/logox2.png","width":286,"height":390,"caption":"Rigolivini"},"image":{"@id":"https:\/\/rigolivini.com\/de\/#\/schema\/logo\/image\/"}}]}},"_links":{"self":[{"href":"https:\/\/rigolivini.com\/de\/wp-json\/wp\/v2\/pages\/611","targetHints":{"allow":["GET"]}}],"collection":[{"href":"https:\/\/rigolivini.com\/de\/wp-json\/wp\/v2\/pages"}],"about":[{"href":"https:\/\/rigolivini.com\/de\/wp-json\/wp\/v2\/types\/page"}],"author":[{"embeddable":true,"href":"https:\/\/rigolivini.com\/de\/wp-json\/wp\/v2\/users\/1"}],"replies":[{"embeddable":true,"href":"https:\/\/rigolivini.com\/de\/wp-json\/wp\/v2\/comments?post=611"}],"version-history":[{"count":0,"href":"https:\/\/rigolivini.com\/de\/wp-json\/wp\/v2\/pages\/611\/revisions"}],"wp:featuredmedia":[{"embeddable":true,"href":"https:\/\/rigolivini.com\/de\/wp-json\/wp\/v2\/media\/1563"}],"wp:attachment":[{"href":"https:\/\/rigolivini.com\/de\/wp-json\/wp\/v2\/media?parent=611"}],"curies":[{"name":"wp","href":"https:\/\/api.w.org\/{rel}","templated":true}]}}